{"id":8571,"date":"2017-07-07T12:35:12","date_gmt":"2017-07-07T09:35:12","guid":{"rendered":"http:\/\/kts.local\/urun\/6208895\/"},"modified":"2025-08-11T18:43:44","modified_gmt":"2025-08-11T15:43:44","slug":"6208895","status":"publish","type":"product","link":"https:\/\/kts.ist\/?product=6208895","title":{"rendered":"6208895"},"content":{"rendered":"","protected":false},"excerpt":{"rendered":"<p>Yanal Olarak Ayarlanabilir Kanal Ba\u011flant\u0131 Eleman\u0131<\/p>\n<p>\u00dcr\u00fcn Tan\u0131m\u0131 \u00dcr\u00fcn Kodu<br \/>\nLWVG 60 FS 6208895<br \/>\nLWVG 60 VA4301 6208898<\/p>\n","protected":false},"featured_media":4286,"comment_status":"closed","ping_status":"closed","template":"","meta":[],"product_cat":[275,315],"product_tag":[],"class_list":{"0":"post-8571","1":"product","2":"type-product","3":"status-publish","4":"has-post-thumbnail","6":"product_cat-endustriyel-kablo-sistemleri","7":"product_cat-merdiven652","9":"first","10":"instock","11":"shipping-taxable","12":"product-type-grouped","13":"add-to-wishlist-after_add_to_cart"},"_links":{"self":[{"href":"https:\/\/kts.ist\/index.php?rest_route=\/wp\/v2\/product\/8571","targetHints":{"allow":["GET"]}}],"collection":[{"href":"https:\/\/kts.ist\/index.php?rest_route=\/wp\/v2\/product"}],"about":[{"href":"https:\/\/kts.ist\/index.php?rest_route=\/wp\/v2\/types\/product"}],"replies":[{"embeddable":true,"href":"https:\/\/kts.ist\/index.php?rest_route=%2Fwp%2Fv2%2Fcomments&post=8571"}],"wp:featuredmedia":[{"embeddable":true,"href":"https:\/\/kts.ist\/index.php?rest_route=\/wp\/v2\/media\/4286"}],"wp:attachment":[{"href":"https:\/\/kts.ist\/index.php?rest_route=%2Fwp%2Fv2%2Fmedia&parent=8571"}],"wp:term":[{"taxonomy":"product_cat","embeddable":true,"href":"https:\/\/kts.ist\/index.php?rest_route=%2Fwp%2Fv2%2Fproduct_cat&post=8571"},{"taxonomy":"product_tag","embeddable":true,"href":"https:\/\/kts.ist\/index.php?rest_route=%2Fwp%2Fv2%2Fproduct_tag&post=8571"}],"curies":[{"name":"wp","href":"https:\/\/api.w.org\/{rel}","templated":true}]}}