{"id":8567,"date":"2017-07-05T10:48:22","date_gmt":"2017-07-05T07:48:22","guid":{"rendered":"http:\/\/kts.local\/urun\/7007174\/"},"modified":"2025-08-11T18:43:59","modified_gmt":"2025-08-11T15:43:59","slug":"7007174","status":"publish","type":"product","link":"https:\/\/kts.ist\/?product=7007174","title":{"rendered":"7007174"},"content":{"rendered":"","protected":false},"excerpt":{"rendered":"<p>90\u00b0 Dikey \u00c7\u0131k\u0131\u015f Par\u00e7as\u0131<\/p>\n<p>\u00dcr\u00fcn Tan\u0131m\u0131 Geni\u015flik (mm) \u00dcr\u00fcn Kodu<br \/>\nRBV 310 S FS 100 7007174<br \/>\nRBV 320 S FS 200 7007182<br \/>\nRBV 330 S FS 300 7007186<\/p>\n","protected":false},"featured_media":4376,"comment_status":"closed","ping_status":"closed","template":"","meta":[],"product_cat":[296,301],"product_tag":[],"class_list":{"0":"post-8567","1":"product","2":"type-product","3":"status-publish","4":"has-post-thumbnail","6":"product_cat-magic-kablo-kanallari","7":"product_cat-magic355","9":"first","10":"instock","11":"shipping-taxable","12":"product-type-grouped","13":"add-to-wishlist-after_add_to_cart"},"_links":{"self":[{"href":"https:\/\/kts.ist\/index.php?rest_route=\/wp\/v2\/product\/8567","targetHints":{"allow":["GET"]}}],"collection":[{"href":"https:\/\/kts.ist\/index.php?rest_route=\/wp\/v2\/product"}],"about":[{"href":"https:\/\/kts.ist\/index.php?rest_route=\/wp\/v2\/types\/product"}],"replies":[{"embeddable":true,"href":"https:\/\/kts.ist\/index.php?rest_route=%2Fwp%2Fv2%2Fcomments&post=8567"}],"wp:featuredmedia":[{"embeddable":true,"href":"https:\/\/kts.ist\/index.php?rest_route=\/wp\/v2\/media\/4376"}],"wp:attachment":[{"href":"https:\/\/kts.ist\/index.php?rest_route=%2Fwp%2Fv2%2Fmedia&parent=8567"}],"wp:term":[{"taxonomy":"product_cat","embeddable":true,"href":"https:\/\/kts.ist\/index.php?rest_route=%2Fwp%2Fv2%2Fproduct_cat&post=8567"},{"taxonomy":"product_tag","embeddable":true,"href":"https:\/\/kts.ist\/index.php?rest_route=%2Fwp%2Fv2%2Fproduct_tag&post=8567"}],"curies":[{"name":"wp","href":"https:\/\/api.w.org\/{rel}","templated":true}]}}