{"id":6867,"date":"2017-10-29T20:38:45","date_gmt":"2017-10-29T17:38:45","guid":{"rendered":"http:\/\/kts.local\/?post_type=product&#038;p=6867"},"modified":"2025-08-11T18:43:41","modified_gmt":"2025-08-11T15:43:41","slug":"6000060-2","status":"publish","type":"product","link":"https:\/\/kts.ist\/?product=6000060-2","title":{"rendered":"6000060"},"content":{"rendered":"","protected":false},"excerpt":{"rendered":"<p><span class=\"fontstyle0\">GR-Magic\u00ae Kafes Kablo Kanal\u0131 , Yanal Y\u00fckseklik : 35 mm<\/span><\/p>\n<p><span class=\"fontstyle0\">\u00dcr\u00fcn Tan\u0131m\u0131 Geni\u015flik Tel \u00c7ap\u0131 (mm) Y\u00fck Ta\u015f\u0131ma Kapasitesi (kg\/m) \u00dcr\u00fcn Kodu<br \/>\n<\/span><span class=\"fontstyle2\">GRM 35\/50 G 50 3,9 11 9,64 <\/span><span class=\"fontstyle3\">\u20ac <\/span><span class=\"fontstyle2\">6000060<br \/>\nGRM 35\/100 G 100 3,9 11 8,67 <\/span><span class=\"fontstyle3\">\u20ac <\/span><span class=\"fontstyle2\">6000062<br \/>\nGRM 35\/150 G 150 3,9 11 9,26 <\/span><span class=\"fontstyle3\">\u20ac <\/span><span class=\"fontstyle2\">6000063<br \/>\nGRM 35\/200 G 200 3,9 14 10,86 <\/span><span class=\"fontstyle3\">\u20ac <\/span><span class=\"fontstyle2\">6000064<br \/>\nGRM 35\/300 G 300 4,8 22 15,25 <\/span><span class=\"fontstyle3\">\u20ac <\/span><span class=\"fontstyle2\">6000066<br \/>\nGRM 35\/50FT 50 3,9 11 12,02 <\/span><span class=\"fontstyle3\">\u20ac <\/span><span class=\"fontstyle2\">6000069<br \/>\nGRM 35\/100FT 100 3,9 11 9,72 <\/span><span class=\"fontstyle3\">\u20ac <\/span><span class=\"fontstyle2\">6000071<br \/>\nGRM 35\/150FT 150 3,9 11 11,14 <\/span><span class=\"fontstyle3\">\u20ac <\/span><span class=\"fontstyle2\">6000072<br \/>\nGRM 35\/200FT 200 3,9 14 11,75 <\/span><span class=\"fontstyle3\">\u20ac <\/span><span class=\"fontstyle2\">6000073<br \/>\nGRM 35\/300FT 300 4,8 22 16,95 <\/span><span class=\"fontstyle3\">\u20ac <\/span><span class=\"fontstyle2\">6000075<\/span><\/p>\n","protected":false},"featured_media":4273,"comment_status":"closed","ping_status":"closed","template":"","meta":[],"product_cat":[282,319],"product_tag":[],"class_list":{"0":"post-6867","1":"product","2":"type-product","3":"status-publish","4":"has-post-thumbnail","6":"product_cat-kafes-kanal-sistemleri","7":"product_cat-tel-1","9":"first","10":"instock","11":"shipping-taxable","12":"product-type-grouped","13":"add-to-wishlist-after_add_to_cart"},"_links":{"self":[{"href":"https:\/\/kts.ist\/index.php?rest_route=\/wp\/v2\/product\/6867","targetHints":{"allow":["GET"]}}],"collection":[{"href":"https:\/\/kts.ist\/index.php?rest_route=\/wp\/v2\/product"}],"about":[{"href":"https:\/\/kts.ist\/index.php?rest_route=\/wp\/v2\/types\/product"}],"replies":[{"embeddable":true,"href":"https:\/\/kts.ist\/index.php?rest_route=%2Fwp%2Fv2%2Fcomments&post=6867"}],"wp:featuredmedia":[{"embeddable":true,"href":"https:\/\/kts.ist\/index.php?rest_route=\/wp\/v2\/media\/4273"}],"wp:attachment":[{"href":"https:\/\/kts.ist\/index.php?rest_route=%2Fwp%2Fv2%2Fmedia&parent=6867"}],"wp:term":[{"taxonomy":"product_cat","embeddable":true,"href":"https:\/\/kts.ist\/index.php?rest_route=%2Fwp%2Fv2%2Fproduct_cat&post=6867"},{"taxonomy":"product_tag","embeddable":true,"href":"https:\/\/kts.ist\/index.php?rest_route=%2Fwp%2Fv2%2Fproduct_tag&post=6867"}],"curies":[{"name":"wp","href":"https:\/\/api.w.org\/{rel}","templated":true}]}}