{"id":6866,"date":"2017-10-29T20:37:18","date_gmt":"2017-10-29T17:37:18","guid":{"rendered":"http:\/\/kts.local\/?post_type=product&#038;p=6866"},"modified":"2025-08-11T18:43:41","modified_gmt":"2025-08-11T15:43:41","slug":"6200508-kopya","status":"publish","type":"product","link":"https:\/\/kts.ist\/?product=6200508-kopya","title":{"rendered":"6200508 (Kopya)"},"content":{"rendered":"","protected":false},"excerpt":{"rendered":"<p>Kablo Merdiveni; LG 45<\/p>\n<p><span class=\"fontstyle0\">\u00dcr\u00fcn Tan\u0131m\u0131 Geni\u015flik (mm) Uzunluk (mm) Y\u00fck Ta\u015f\u0131ma Kapasitesi (kg\/m) \u00dcr\u00fcn Kodu<br \/>\n<\/span><span class=\"fontstyle2\">LG 4 20 NS 3 FS 200 3000 180 6200508<br \/>\nLG 430 NS 3 FS 300 3000 180 6200511<br \/>\nLG 440 NS 3 FS 400 3000 180 6200514<br \/>\nLG 450 NS 3 FS 500 3000 180 6200517<br \/>\nLG 460 NS 3 FS 600 3000 180 6200520<br \/>\nLG 420 NS 6 FS 200 6000 180 6200583<br \/>\nLG 430 NS 6 FS 300 6000 180 6200586<br \/>\nLG 440 NS 6 FS 400 6000 180 6200589<br \/>\nLG 450 NS 6 FS 500 6000 180 6200592<br \/>\nLG 460 NS 6 FS 600 6000 180 6200595<br \/>\nLG 420 NS 6 FT 200 3000 180 6200605<br \/>\nLG 430 NS 6 FT 300 3000 180 6200608<br \/>\nLG 440 NS 6 FT 400 3000 180 6200611<br \/>\nLG 450 NS 6 FT 500 3000 180 6200614<br \/>\nLG 460 NS 6 FT 600 3000 180 6200617<\/span><\/p>\n","protected":false},"featured_media":4299,"comment_status":"closed","ping_status":"closed","template":"","meta":[],"product_cat":[275,309],"product_tag":[],"class_list":{"0":"post-6866","1":"product","2":"type-product","3":"status-publish","4":"has-post-thumbnail","6":"product_cat-endustriyel-kablo-sistemleri","7":"product_cat-merdiven451","9":"first","10":"instock","11":"shipping-taxable","12":"product-type-grouped","13":"add-to-wishlist-after_add_to_cart"},"_links":{"self":[{"href":"https:\/\/kts.ist\/index.php?rest_route=\/wp\/v2\/product\/6866","targetHints":{"allow":["GET"]}}],"collection":[{"href":"https:\/\/kts.ist\/index.php?rest_route=\/wp\/v2\/product"}],"about":[{"href":"https:\/\/kts.ist\/index.php?rest_route=\/wp\/v2\/types\/product"}],"replies":[{"embeddable":true,"href":"https:\/\/kts.ist\/index.php?rest_route=%2Fwp%2Fv2%2Fcomments&post=6866"}],"wp:featuredmedia":[{"embeddable":true,"href":"https:\/\/kts.ist\/index.php?rest_route=\/wp\/v2\/media\/4299"}],"wp:attachment":[{"href":"https:\/\/kts.ist\/index.php?rest_route=%2Fwp%2Fv2%2Fmedia&parent=6866"}],"wp:term":[{"taxonomy":"product_cat","embeddable":true,"href":"https:\/\/kts.ist\/index.php?rest_route=%2Fwp%2Fv2%2Fproduct_cat&post=6866"},{"taxonomy":"product_tag","embeddable":true,"href":"https:\/\/kts.ist\/index.php?rest_route=%2Fwp%2Fv2%2Fproduct_tag&post=6866"}],"curies":[{"name":"wp","href":"https:\/\/api.w.org\/{rel}","templated":true}]}}