{"id":4610,"date":"2017-07-07T16:45:33","date_gmt":"2017-07-07T13:45:33","guid":{"rendered":"http:\/\/kts.local\/urun\/6220139\/"},"modified":"2025-08-11T18:43:42","modified_gmt":"2025-08-11T15:43:42","slug":"6220139","status":"publish","type":"product","link":"https:\/\/kts.ist\/?product=6220139","title":{"rendered":"6220139"},"content":{"rendered":"","protected":false},"excerpt":{"rendered":"<p>Aslan Pen\u00e7esi (Kablo K\u0131r\u0131lmas\u0131n\u0131 \u00d6nler)<\/p>\n<p>\u00dcr\u00fcn Tan\u0131m\u0131 \u00dcr\u00fcn Kodu<br \/>\nKAB GR FS 7,47 \u20ac 6220139<br \/>\nKAB GR FT 9,19 \u20ac 6220142<\/p>\n","protected":false},"featured_media":8614,"comment_status":"closed","ping_status":"closed","template":"","meta":[],"product_cat":[282,333],"product_tag":[],"class_list":{"0":"post-4610","1":"product","2":"type-product","3":"status-publish","4":"has-post-thumbnail","6":"product_cat-kafes-kanal-sistemleri","7":"product_cat-tel-8","9":"first","10":"instock","11":"shipping-taxable","12":"product-type-grouped","13":"add-to-wishlist-after_add_to_cart"},"_links":{"self":[{"href":"https:\/\/kts.ist\/index.php?rest_route=\/wp\/v2\/product\/4610","targetHints":{"allow":["GET"]}}],"collection":[{"href":"https:\/\/kts.ist\/index.php?rest_route=\/wp\/v2\/product"}],"about":[{"href":"https:\/\/kts.ist\/index.php?rest_route=\/wp\/v2\/types\/product"}],"replies":[{"embeddable":true,"href":"https:\/\/kts.ist\/index.php?rest_route=%2Fwp%2Fv2%2Fcomments&post=4610"}],"wp:featuredmedia":[{"embeddable":true,"href":"https:\/\/kts.ist\/index.php?rest_route=\/wp\/v2\/media\/8614"}],"wp:attachment":[{"href":"https:\/\/kts.ist\/index.php?rest_route=%2Fwp%2Fv2%2Fmedia&parent=4610"}],"wp:term":[{"taxonomy":"product_cat","embeddable":true,"href":"https:\/\/kts.ist\/index.php?rest_route=%2Fwp%2Fv2%2Fproduct_cat&post=4610"},{"taxonomy":"product_tag","embeddable":true,"href":"https:\/\/kts.ist\/index.php?rest_route=%2Fwp%2Fv2%2Fproduct_tag&post=4610"}],"curies":[{"name":"wp","href":"https:\/\/api.w.org\/{rel}","templated":true}]}}