{"id":4607,"date":"2017-07-07T16:43:12","date_gmt":"2017-07-07T13:43:12","guid":{"rendered":"http:\/\/kts.local\/urun\/6006486\/"},"modified":"2025-08-11T18:43:43","modified_gmt":"2025-08-11T15:43:43","slug":"6006486","status":"publish","type":"product","link":"https:\/\/kts.ist\/?product=6006486","title":{"rendered":"6006486"},"content":{"rendered":"","protected":false},"excerpt":{"rendered":"<p>Kanala Buat Asma Aparat\u0131<\/p>\n<p>\u00dcr\u00fcn Tan\u0131m\u0131 \u00dcr\u00fcn Kodu<br \/>\nMPG 65 FT 5,40 \u20ac 6006486<br \/>\nMPG 90 FT 11,34 \u20ac 6006487<\/p>\n","protected":false},"featured_media":4257,"comment_status":"closed","ping_status":"closed","template":"","meta":[],"product_cat":[282,333],"product_tag":[],"class_list":{"0":"post-4607","1":"product","2":"type-product","3":"status-publish","4":"has-post-thumbnail","6":"product_cat-kafes-kanal-sistemleri","7":"product_cat-tel-8","9":"first","10":"instock","11":"shipping-taxable","12":"product-type-grouped","13":"add-to-wishlist-after_add_to_cart"},"_links":{"self":[{"href":"https:\/\/kts.ist\/index.php?rest_route=\/wp\/v2\/product\/4607","targetHints":{"allow":["GET"]}}],"collection":[{"href":"https:\/\/kts.ist\/index.php?rest_route=\/wp\/v2\/product"}],"about":[{"href":"https:\/\/kts.ist\/index.php?rest_route=\/wp\/v2\/types\/product"}],"replies":[{"embeddable":true,"href":"https:\/\/kts.ist\/index.php?rest_route=%2Fwp%2Fv2%2Fcomments&post=4607"}],"wp:featuredmedia":[{"embeddable":true,"href":"https:\/\/kts.ist\/index.php?rest_route=\/wp\/v2\/media\/4257"}],"wp:attachment":[{"href":"https:\/\/kts.ist\/index.php?rest_route=%2Fwp%2Fv2%2Fmedia&parent=4607"}],"wp:term":[{"taxonomy":"product_cat","embeddable":true,"href":"https:\/\/kts.ist\/index.php?rest_route=%2Fwp%2Fv2%2Fproduct_cat&post=4607"},{"taxonomy":"product_tag","embeddable":true,"href":"https:\/\/kts.ist\/index.php?rest_route=%2Fwp%2Fv2%2Fproduct_tag&post=4607"}],"curies":[{"name":"wp","href":"https:\/\/api.w.org\/{rel}","templated":true}]}}