{"id":4605,"date":"2017-07-07T16:41:58","date_gmt":"2017-07-07T13:41:58","guid":{"rendered":"http:\/\/kts.local\/urun\/6015336\/"},"modified":"2025-08-11T18:43:43","modified_gmt":"2025-08-11T15:43:43","slug":"6015336","status":"publish","type":"product","link":"https:\/\/kts.ist\/?product=6015336","title":{"rendered":"6015336"},"content":{"rendered":"","protected":false},"excerpt":{"rendered":"<p>Kanal\u0131 Kenar\u0131ndan Tije Montaj Par\u00e7as\u0131<\/p>\n<p>\u00dcr\u00fcn Tan\u0131m\u0131 \u00dcr\u00fcn Kodu<br \/>\nSH M10 FS 1,76 \u20ac 6015336<br \/>\nSH M10 FT 2,82 \u20ac 6015338<\/p>\n","protected":false},"featured_media":4259,"comment_status":"closed","ping_status":"closed","template":"","meta":[],"product_cat":[282],"product_tag":[],"class_list":{"0":"post-4605","1":"product","2":"type-product","3":"status-publish","4":"has-post-thumbnail","6":"product_cat-kafes-kanal-sistemleri","8":"first","9":"instock","10":"shipping-taxable","11":"product-type-grouped","12":"add-to-wishlist-after_add_to_cart"},"_links":{"self":[{"href":"https:\/\/kts.ist\/index.php?rest_route=\/wp\/v2\/product\/4605","targetHints":{"allow":["GET"]}}],"collection":[{"href":"https:\/\/kts.ist\/index.php?rest_route=\/wp\/v2\/product"}],"about":[{"href":"https:\/\/kts.ist\/index.php?rest_route=\/wp\/v2\/types\/product"}],"replies":[{"embeddable":true,"href":"https:\/\/kts.ist\/index.php?rest_route=%2Fwp%2Fv2%2Fcomments&post=4605"}],"wp:featuredmedia":[{"embeddable":true,"href":"https:\/\/kts.ist\/index.php?rest_route=\/wp\/v2\/media\/4259"}],"wp:attachment":[{"href":"https:\/\/kts.ist\/index.php?rest_route=%2Fwp%2Fv2%2Fmedia&parent=4605"}],"wp:term":[{"taxonomy":"product_cat","embeddable":true,"href":"https:\/\/kts.ist\/index.php?rest_route=%2Fwp%2Fv2%2Fproduct_cat&post=4605"},{"taxonomy":"product_tag","embeddable":true,"href":"https:\/\/kts.ist\/index.php?rest_route=%2Fwp%2Fv2%2Fproduct_tag&post=4605"}],"curies":[{"name":"wp","href":"https:\/\/api.w.org\/{rel}","templated":true}]}}