{"id":4604,"date":"2017-07-07T16:41:23","date_gmt":"2017-07-07T13:41:23","guid":{"rendered":"http:\/\/kts.local\/urun\/6015220\/"},"modified":"2025-08-11T18:43:43","modified_gmt":"2025-08-11T15:43:43","slug":"6015220","status":"publish","type":"product","link":"https:\/\/kts.ist\/?product=6015220","title":{"rendered":"6015220"},"content":{"rendered":"","protected":false},"excerpt":{"rendered":"<p>Kanal\u0131 Ortas\u0131ndan Tije Montaj Par\u00e7as\u0131<\/p>\n<p>\u00dcr\u00fcn Tan\u0131m\u0131 \u00dcr\u00fcn Kodu<br \/>\nGMA M6 FS 1,11 \u20ac 6015220<br \/>\nGMA M8 FS 1,11 \u20ac 6015239<br \/>\nGMA M10 FS 1,11 \u20ac 6015247<br \/>\nGMA M6 FT 1,78 \u20ac 6015224<br \/>\nGMA M8 FT 1,78 \u20ac 6015243<br \/>\nGMA M10 FT 1,78 \u20ac 6015255<\/p>\n","protected":false},"featured_media":4260,"comment_status":"closed","ping_status":"closed","template":"","meta":[],"product_cat":[282,332],"product_tag":[],"class_list":{"0":"post-4604","1":"product","2":"type-product","3":"status-publish","4":"has-post-thumbnail","6":"product_cat-kafes-kanal-sistemleri","7":"product_cat-tel-7","9":"first","10":"instock","11":"shipping-taxable","12":"product-type-grouped","13":"add-to-wishlist-after_add_to_cart"},"_links":{"self":[{"href":"https:\/\/kts.ist\/index.php?rest_route=\/wp\/v2\/product\/4604","targetHints":{"allow":["GET"]}}],"collection":[{"href":"https:\/\/kts.ist\/index.php?rest_route=\/wp\/v2\/product"}],"about":[{"href":"https:\/\/kts.ist\/index.php?rest_route=\/wp\/v2\/types\/product"}],"replies":[{"embeddable":true,"href":"https:\/\/kts.ist\/index.php?rest_route=%2Fwp%2Fv2%2Fcomments&post=4604"}],"wp:featuredmedia":[{"embeddable":true,"href":"https:\/\/kts.ist\/index.php?rest_route=\/wp\/v2\/media\/4260"}],"wp:attachment":[{"href":"https:\/\/kts.ist\/index.php?rest_route=%2Fwp%2Fv2%2Fmedia&parent=4604"}],"wp:term":[{"taxonomy":"product_cat","embeddable":true,"href":"https:\/\/kts.ist\/index.php?rest_route=%2Fwp%2Fv2%2Fproduct_cat&post=4604"},{"taxonomy":"product_tag","embeddable":true,"href":"https:\/\/kts.ist\/index.php?rest_route=%2Fwp%2Fv2%2Fproduct_tag&post=4604"}],"curies":[{"name":"wp","href":"https:\/\/api.w.org\/{rel}","templated":true}]}}