{"id":4603,"date":"2017-07-07T16:40:48","date_gmt":"2017-07-07T13:40:48","guid":{"rendered":"http:\/\/kts.local\/urun\/6003681\/"},"modified":"2025-08-11T18:43:43","modified_gmt":"2025-08-11T15:43:43","slug":"6003681","status":"publish","type":"product","link":"https:\/\/kts.ist\/?product=6003681","title":{"rendered":"6003681"},"content":{"rendered":"","protected":false},"excerpt":{"rendered":"<p>GR-Magic\u00ae Kafes Kablo Kanal\u0131 , Yanal Y\u00fckseklik : 155 mm<\/p>\n<p>\u00dcr\u00fcn Tan\u0131m\u0131 Geni\u015flik Tel \u00c7ap\u0131 (mm) Y\u00fck Ta\u015f\u0131ma Kapasitesi (kg\/m) \u00dcr\u00fcn Kodu<br \/>\nGR 155 300 G 300 6 300 40,82 \u20ac 6003681<br \/>\nGR 155 450 G 450 6 300 45,01 \u20ac 6003684<br \/>\nGR 155 500 G 500 6 300 51,67 \u20ac 6003685<br \/>\nGR 155 600 G 600 6 156 63,31 \u20ac 6003687<\/p>\n","protected":false},"featured_media":4261,"comment_status":"closed","ping_status":"closed","template":"","meta":[],"product_cat":[282,329],"product_tag":[],"class_list":{"0":"post-4603","1":"product","2":"type-product","3":"status-publish","4":"has-post-thumbnail","6":"product_cat-kafes-kanal-sistemleri","7":"product_cat-tel-4","9":"first","10":"instock","11":"shipping-taxable","12":"product-type-grouped","13":"add-to-wishlist-after_add_to_cart"},"_links":{"self":[{"href":"https:\/\/kts.ist\/index.php?rest_route=\/wp\/v2\/product\/4603","targetHints":{"allow":["GET"]}}],"collection":[{"href":"https:\/\/kts.ist\/index.php?rest_route=\/wp\/v2\/product"}],"about":[{"href":"https:\/\/kts.ist\/index.php?rest_route=\/wp\/v2\/types\/product"}],"replies":[{"embeddable":true,"href":"https:\/\/kts.ist\/index.php?rest_route=%2Fwp%2Fv2%2Fcomments&post=4603"}],"wp:featuredmedia":[{"embeddable":true,"href":"https:\/\/kts.ist\/index.php?rest_route=\/wp\/v2\/media\/4261"}],"wp:attachment":[{"href":"https:\/\/kts.ist\/index.php?rest_route=%2Fwp%2Fv2%2Fmedia&parent=4603"}],"wp:term":[{"taxonomy":"product_cat","embeddable":true,"href":"https:\/\/kts.ist\/index.php?rest_route=%2Fwp%2Fv2%2Fproduct_cat&post=4603"},{"taxonomy":"product_tag","embeddable":true,"href":"https:\/\/kts.ist\/index.php?rest_route=%2Fwp%2Fv2%2Fproduct_tag&post=4603"}],"curies":[{"name":"wp","href":"https:\/\/api.w.org\/{rel}","templated":true}]}}