{"id":4602,"date":"2017-07-07T16:39:40","date_gmt":"2017-07-07T13:39:40","guid":{"rendered":"http:\/\/kts.local\/urun\/6002402\/"},"modified":"2025-08-11T18:43:43","modified_gmt":"2025-08-11T15:43:43","slug":"6002402","status":"publish","type":"product","link":"https:\/\/kts.ist\/?product=6002402","title":{"rendered":"6002402"},"content":{"rendered":"","protected":false},"excerpt":{"rendered":"<p>GR-Magic\u00ae Kafes Kablo Kanal\u0131 , Yanal Y\u00fckseklik : 105 mm<\/p>\n<p>\u00dcr\u00fcn Tan\u0131m\u0131 Geni\u015flik Tel \u00c7ap\u0131 (mm) Y\u00fck Ta\u015f\u0131ma Kapasitesi (kg\/m) \u00dcr\u00fcn Kodu<br \/>\nGRM 105 100 G 100 3,9 55 10,90 \u20ac 6002402<br \/>\nGRM 105 150 G 150 3,9 55 15,03 \u20ac 6002404<br \/>\nGRM 105 200 G 200 4,8 70 16,07 \u20ac 6002406<br \/>\nGRM 105 300 G 300 4,8 80 21,13 \u20ac 6002408<br \/>\nGRM 105 400 G 400 4,8 80 26,16 \u20ac 6002410<br \/>\nGRM 105 500 G 500 4,8 80 31,03 \u20ac 6002415<br \/>\nGRM 105 600 G 600 4,8 80 40,31 \u20ac 6002417<br \/>\nGRM 105 100 FT 100 3,9 55 12,40 \u20ac 6002431<br \/>\nGRM 105 150 FT 150 3,9 55 16,81 \u20ac 6002433<br \/>\nGRM 105 200 FT 200 4,8 70 17,61 \u20ac 6002435<br \/>\nGRM 105 300 FT 300 4,8 80 23,69 \u20ac 6002437<br \/>\nGRM 105 400 FT 400 4,8 80 28,92 \u20ac 6002439<br \/>\nGRM 105 500 FT 500 4,8 80 33,57 \u20ac 6002443<br \/>\nGRM 105 600 FT 600 4,8 80 43,12 \u20ac 6002445<\/p>\n","protected":false},"featured_media":4262,"comment_status":"closed","ping_status":"closed","template":"","meta":[],"product_cat":[282,327,328],"product_tag":[],"class_list":{"0":"post-4602","1":"product","2":"type-product","3":"status-publish","4":"has-post-thumbnail","6":"product_cat-kafes-kanal-sistemleri","7":"product_cat-tel-3","8":"product_cat-tel-3a","10":"first","11":"instock","12":"shipping-taxable","13":"product-type-grouped","14":"add-to-wishlist-after_add_to_cart"},"_links":{"self":[{"href":"https:\/\/kts.ist\/index.php?rest_route=\/wp\/v2\/product\/4602","targetHints":{"allow":["GET"]}}],"collection":[{"href":"https:\/\/kts.ist\/index.php?rest_route=\/wp\/v2\/product"}],"about":[{"href":"https:\/\/kts.ist\/index.php?rest_route=\/wp\/v2\/types\/product"}],"replies":[{"embeddable":true,"href":"https:\/\/kts.ist\/index.php?rest_route=%2Fwp%2Fv2%2Fcomments&post=4602"}],"wp:featuredmedia":[{"embeddable":true,"href":"https:\/\/kts.ist\/index.php?rest_route=\/wp\/v2\/media\/4262"}],"wp:attachment":[{"href":"https:\/\/kts.ist\/index.php?rest_route=%2Fwp%2Fv2%2Fmedia&parent=4602"}],"wp:term":[{"taxonomy":"product_cat","embeddable":true,"href":"https:\/\/kts.ist\/index.php?rest_route=%2Fwp%2Fv2%2Fproduct_cat&post=4602"},{"taxonomy":"product_tag","embeddable":true,"href":"https:\/\/kts.ist\/index.php?rest_route=%2Fwp%2Fv2%2Fproduct_tag&post=4602"}],"curies":[{"name":"wp","href":"https:\/\/api.w.org\/{rel}","templated":true}]}}