{"id":4600,"date":"2017-07-07T16:38:14","date_gmt":"2017-07-07T13:38:14","guid":{"rendered":"http:\/\/kts.local\/urun\/5043107\/"},"modified":"2025-08-11T18:43:43","modified_gmt":"2025-08-11T15:43:43","slug":"5043107","status":"publish","type":"product","link":"https:\/\/kts.ist\/?product=5043107","title":{"rendered":"5043107"},"content":{"rendered":"","protected":false},"excerpt":{"rendered":"<p>Topraklama Kelep\u00e7esi<\/p>\n<p>\u00dcr\u00fcn Tan\u0131m\u0131 \u00dcr\u00fcn Kodu<br \/>\n939 4,64 \u20ac 5043107<\/p>\n","protected":false},"featured_media":4264,"comment_status":"closed","ping_status":"closed","template":"","meta":[],"product_cat":[282,331],"product_tag":[],"class_list":{"0":"post-4600","1":"product","2":"type-product","3":"status-publish","4":"has-post-thumbnail","6":"product_cat-kafes-kanal-sistemleri","7":"product_cat-tel-6","9":"first","10":"instock","11":"shipping-taxable","12":"product-type-grouped","13":"add-to-wishlist-after_add_to_cart"},"_links":{"self":[{"href":"https:\/\/kts.ist\/index.php?rest_route=\/wp\/v2\/product\/4600","targetHints":{"allow":["GET"]}}],"collection":[{"href":"https:\/\/kts.ist\/index.php?rest_route=\/wp\/v2\/product"}],"about":[{"href":"https:\/\/kts.ist\/index.php?rest_route=\/wp\/v2\/types\/product"}],"replies":[{"embeddable":true,"href":"https:\/\/kts.ist\/index.php?rest_route=%2Fwp%2Fv2%2Fcomments&post=4600"}],"wp:featuredmedia":[{"embeddable":true,"href":"https:\/\/kts.ist\/index.php?rest_route=\/wp\/v2\/media\/4264"}],"wp:attachment":[{"href":"https:\/\/kts.ist\/index.php?rest_route=%2Fwp%2Fv2%2Fmedia&parent=4600"}],"wp:term":[{"taxonomy":"product_cat","embeddable":true,"href":"https:\/\/kts.ist\/index.php?rest_route=%2Fwp%2Fv2%2Fproduct_cat&post=4600"},{"taxonomy":"product_tag","embeddable":true,"href":"https:\/\/kts.ist\/index.php?rest_route=%2Fwp%2Fv2%2Fproduct_tag&post=4600"}],"curies":[{"name":"wp","href":"https:\/\/api.w.org\/{rel}","templated":true}]}}