{"id":4592,"date":"2017-07-07T15:25:43","date_gmt":"2017-07-07T12:25:43","guid":{"rendered":"http:\/\/kts.local\/urun\/6001040\/"},"modified":"2025-08-11T18:43:44","modified_gmt":"2025-08-11T15:43:44","slug":"6001040","status":"publish","type":"product","link":"https:\/\/kts.ist\/?product=6001040","title":{"rendered":"6001040"},"content":{"rendered":"","protected":false},"excerpt":{"rendered":"<p>GR-Magic\u00ae Kafes Kablo Kanal\u0131 , Yanal Y\u00fckseklik : 55 mm<\/p>\n<p>\u00dcr\u00fcn Tan\u0131m\u0131 Geni\u015flik Tel \u00c7ap\u0131 (mm) Y\u00fck Ta\u015f\u0131ma Kapasitesi (kg\/m) \u00dcr\u00fcn Kodu<br \/>\nGRM 55\/100F 100 3,9 20 9,31 \u20ac 6001040<br \/>\nGRM 55\/150F 150 3,9 20 10,68 \u20ac 6001044<br \/>\nGRM 55\/200F 200 3,9 20 11,11 \u20ac 6001047<br \/>\nGRM 55\/300F 300 4,8 50 17,07 \u20ac 6001050<br \/>\nGRM 55\/400F 400 4,8 60 21,21 \u20ac 6001053<br \/>\nGRM 55\/500F 500 4,8 60 26,14 \u20ac 6001056<br \/>\nGRM 55\/600F 600 4,8 60 29,50 \u20ac 6001059<br \/>\nGRM 55\/50 G 50 3,9 20 8,26 \u20ac 6001441<br \/>\nGRM 55\/100 G 100 3,9 20 8,95 \u20ac 6001442<br \/>\nGRM 55\/150 G 150 3,9 20 10,39 \u20ac 6001444<br \/>\nGRM 55\/200 G 200 3,9 20 12,11 \u20ac 6001446<br \/>\nGRM 55\/200 4.8 G 200 4,8 50 13,57 \u20ac 6001447<br \/>\nGRM 55\/300 G 300 4,8 50 16,04 \u20ac 6001448<br \/>\nGRM 55\/400 G 400 4,8 60 20,54 \u20ac 6001450<br \/>\nGRM 55\/500 G 500 4,8 60 24,49 \u20ac 6001452<br \/>\nGRM 55\/600 G 600 4,8 60 25,94 \u20ac 6001454<br \/>\nGRM 55\/50 FT 50 3,9 20 9,33 \u20ac 6001415<br \/>\nGRM 55\/100 FT 100 3,9 20 9,82 \u20ac 6001416<br \/>\nGRM 55\/150 FT 150 3,9 20 11,10 \u20ac 6001418<br \/>\nGRM 55\/200 FT 200 3,9 20 12,21 \u20ac 6001420<br \/>\nGRM 55\/200 4.8FT 200 4,8 50 16,06 \u20ac 6001421<br \/>\nGRM 55\/300 FT 300 4,8 50 17,51 \u20ac 6001424<br \/>\nGRM 55\/400 FT 400 4,8 60 22,53 \u20ac 6001428<br \/>\nGRM 55\/500 FT 500 4,8 60 26,53 \u20ac 6001432<br \/>\nGRM 55\/600 FT 600 4,8 60 32,11 \u20ac 6001436<\/p>\n","protected":false},"featured_media":4272,"comment_status":"closed","ping_status":"closed","template":"","meta":[],"product_cat":[282,324,325,326],"product_tag":[],"class_list":{"0":"post-4592","1":"product","2":"type-product","3":"status-publish","4":"has-post-thumbnail","6":"product_cat-kafes-kanal-sistemleri","7":"product_cat-tel-2","8":"product_cat-tel-2a","9":"product_cat-tel-2b","11":"first","12":"instock","13":"shipping-taxable","14":"product-type-grouped","15":"add-to-wishlist-after_add_to_cart"},"_links":{"self":[{"href":"https:\/\/kts.ist\/index.php?rest_route=\/wp\/v2\/product\/4592","targetHints":{"allow":["GET"]}}],"collection":[{"href":"https:\/\/kts.ist\/index.php?rest_route=\/wp\/v2\/product"}],"about":[{"href":"https:\/\/kts.ist\/index.php?rest_route=\/wp\/v2\/types\/product"}],"replies":[{"embeddable":true,"href":"https:\/\/kts.ist\/index.php?rest_route=%2Fwp%2Fv2%2Fcomments&post=4592"}],"wp:featuredmedia":[{"embeddable":true,"href":"https:\/\/kts.ist\/index.php?rest_route=\/wp\/v2\/media\/4272"}],"wp:attachment":[{"href":"https:\/\/kts.ist\/index.php?rest_route=%2Fwp%2Fv2%2Fmedia&parent=4592"}],"wp:term":[{"taxonomy":"product_cat","embeddable":true,"href":"https:\/\/kts.ist\/index.php?rest_route=%2Fwp%2Fv2%2Fproduct_cat&post=4592"},{"taxonomy":"product_tag","embeddable":true,"href":"https:\/\/kts.ist\/index.php?rest_route=%2Fwp%2Fv2%2Fproduct_tag&post=4592"}],"curies":[{"name":"wp","href":"https:\/\/api.w.org\/{rel}","templated":true}]}}