{"id":4590,"date":"2017-07-07T15:17:39","date_gmt":"2017-07-07T12:17:39","guid":{"rendered":"http:\/\/kts.local\/urun\/6356311\/"},"modified":"2025-08-11T18:43:44","modified_gmt":"2025-08-11T15:43:44","slug":"6356311","status":"publish","type":"product","link":"https:\/\/kts.ist\/?product=6356311","title":{"rendered":"6356311"},"content":{"rendered":"","protected":false},"excerpt":{"rendered":"<p>AZ-K\u00fc\u00e7\u00fck Kanal Sistemi<\/p>\n<p>\u00dcr\u00fcn Tan\u0131m\u0131 Uzunluk (mm) \u00dcr\u00fcn Kodu<br \/>\nMAS 140 10 FT 1400 6356311<\/p>\n","protected":false},"featured_media":4274,"comment_status":"closed","ping_status":"closed","template":"","meta":[],"product_cat":[276],"product_tag":[],"class_list":{"0":"post-4590","1":"product","2":"type-product","3":"status-publish","4":"has-post-thumbnail","6":"product_cat-fabrika-ici-kucuk-kanal-sistemleri","8":"first","9":"instock","10":"shipping-taxable","11":"product-type-grouped","12":"add-to-wishlist-after_add_to_cart"},"_links":{"self":[{"href":"https:\/\/kts.ist\/index.php?rest_route=\/wp\/v2\/product\/4590","targetHints":{"allow":["GET"]}}],"collection":[{"href":"https:\/\/kts.ist\/index.php?rest_route=\/wp\/v2\/product"}],"about":[{"href":"https:\/\/kts.ist\/index.php?rest_route=\/wp\/v2\/types\/product"}],"replies":[{"embeddable":true,"href":"https:\/\/kts.ist\/index.php?rest_route=%2Fwp%2Fv2%2Fcomments&post=4590"}],"wp:featuredmedia":[{"embeddable":true,"href":"https:\/\/kts.ist\/index.php?rest_route=\/wp\/v2\/media\/4274"}],"wp:attachment":[{"href":"https:\/\/kts.ist\/index.php?rest_route=%2Fwp%2Fv2%2Fmedia&parent=4590"}],"wp:term":[{"taxonomy":"product_cat","embeddable":true,"href":"https:\/\/kts.ist\/index.php?rest_route=%2Fwp%2Fv2%2Fproduct_cat&post=4590"},{"taxonomy":"product_tag","embeddable":true,"href":"https:\/\/kts.ist\/index.php?rest_route=%2Fwp%2Fv2%2Fproduct_tag&post=4590"}],"curies":[{"name":"wp","href":"https:\/\/api.w.org\/{rel}","templated":true}]}}