{"id":4582,"date":"2017-07-07T12:39:15","date_gmt":"2017-07-07T09:39:15","guid":{"rendered":"http:\/\/kts.local\/urun\/6069645\/"},"modified":"2025-08-11T18:43:44","modified_gmt":"2025-08-11T15:43:44","slug":"6069645","status":"publish","type":"product","link":"https:\/\/kts.ist\/?product=6069645","title":{"rendered":"6069645"},"content":{"rendered":"","protected":false},"excerpt":{"rendered":"<p>Magic\u00ae Ba\u011flant\u0131l\u0131 LED-Armat\u00fcr Kanal\u0131<\/p>\n<p>\u00dcr\u00fcn Tan\u0131m\u0131 Uzunluk (mm) \u00dcr\u00fcn Kodu<br \/>\nLAM 620 FS 1100 6069645<br \/>\nLAM 630 FS 1100 6069659<br \/>\nLAM 640 FS 1100 6069673<br \/>\nLAM 620 VA4301 1100 6069652<br \/>\nLAM 630 VA4301 1100 6069666<br \/>\nLAM 640 VA4301 1100 6069680<\/p>\n","protected":false},"featured_media":4237,"comment_status":"closed","ping_status":"closed","template":"","meta":[],"product_cat":[275],"product_tag":[],"class_list":{"0":"post-4582","1":"product","2":"type-product","3":"status-publish","4":"has-post-thumbnail","6":"product_cat-endustriyel-kablo-sistemleri","8":"first","9":"instock","10":"shipping-taxable","11":"product-type-grouped","12":"add-to-wishlist-after_add_to_cart"},"_links":{"self":[{"href":"https:\/\/kts.ist\/index.php?rest_route=\/wp\/v2\/product\/4582","targetHints":{"allow":["GET"]}}],"collection":[{"href":"https:\/\/kts.ist\/index.php?rest_route=\/wp\/v2\/product"}],"about":[{"href":"https:\/\/kts.ist\/index.php?rest_route=\/wp\/v2\/types\/product"}],"replies":[{"embeddable":true,"href":"https:\/\/kts.ist\/index.php?rest_route=%2Fwp%2Fv2%2Fcomments&post=4582"}],"wp:featuredmedia":[{"embeddable":true,"href":"https:\/\/kts.ist\/index.php?rest_route=\/wp\/v2\/media\/4237"}],"wp:attachment":[{"href":"https:\/\/kts.ist\/index.php?rest_route=%2Fwp%2Fv2%2Fmedia&parent=4582"}],"wp:term":[{"taxonomy":"product_cat","embeddable":true,"href":"https:\/\/kts.ist\/index.php?rest_route=%2Fwp%2Fv2%2Fproduct_cat&post=4582"},{"taxonomy":"product_tag","embeddable":true,"href":"https:\/\/kts.ist\/index.php?rest_route=%2Fwp%2Fv2%2Fproduct_tag&post=4582"}],"curies":[{"name":"wp","href":"https:\/\/api.w.org\/{rel}","templated":true}]}}