{"id":4581,"date":"2017-07-07T12:38:38","date_gmt":"2017-07-07T09:38:38","guid":{"rendered":"http:\/\/kts.local\/urun\/6213022\/"},"modified":"2025-08-11T18:43:44","modified_gmt":"2025-08-11T15:43:44","slug":"6213022","status":"publish","type":"product","link":"https:\/\/kts.ist\/?product=6213022","title":{"rendered":"6213022"},"content":{"rendered":"","protected":false},"excerpt":{"rendered":"<p>90\u02da Dikey \u0130ni\u015f-\u00c7\u0131k\u0131\u015f Par\u00e7as\u0131<\/p>\n<p>\u00dcr\u00fcn Tan\u0131m\u0131 Geni\u015flik (mm) \u00dcr\u00fcn Kodu<br \/>\nLGBV 620 NS FS 200 6213022<br \/>\nLGBV 630 NS FS 300 6213030<br \/>\nLGBV 640 NS FS 400 6213049<br \/>\nLGBV 650 NS FS 500 6213057<br \/>\nLGBV 660 NS FS 600 6213065<br \/>\nLGBV 620 VS FT 200 6213324<br \/>\nLGBV 630 VS FT 300 6213332<br \/>\nLGBV 640 VS FT 400 6213340<br \/>\nLGBV 650 VS FT 500 6213359<br \/>\nLGBV 660 VS FT 600 6213367<\/p>\n","protected":false},"featured_media":4281,"comment_status":"closed","ping_status":"closed","template":"","meta":[],"product_cat":[275,318],"product_tag":[],"class_list":{"0":"post-4581","1":"product","2":"type-product","3":"status-publish","4":"has-post-thumbnail","6":"product_cat-endustriyel-kablo-sistemleri","7":"product_cat-merdiven655","9":"first","10":"instock","11":"shipping-taxable","12":"product-type-grouped","13":"add-to-wishlist-after_add_to_cart"},"_links":{"self":[{"href":"https:\/\/kts.ist\/index.php?rest_route=\/wp\/v2\/product\/4581","targetHints":{"allow":["GET"]}}],"collection":[{"href":"https:\/\/kts.ist\/index.php?rest_route=\/wp\/v2\/product"}],"about":[{"href":"https:\/\/kts.ist\/index.php?rest_route=\/wp\/v2\/types\/product"}],"replies":[{"embeddable":true,"href":"https:\/\/kts.ist\/index.php?rest_route=%2Fwp%2Fv2%2Fcomments&post=4581"}],"wp:featuredmedia":[{"embeddable":true,"href":"https:\/\/kts.ist\/index.php?rest_route=\/wp\/v2\/media\/4281"}],"wp:attachment":[{"href":"https:\/\/kts.ist\/index.php?rest_route=%2Fwp%2Fv2%2Fmedia&parent=4581"}],"wp:term":[{"taxonomy":"product_cat","embeddable":true,"href":"https:\/\/kts.ist\/index.php?rest_route=%2Fwp%2Fv2%2Fproduct_cat&post=4581"},{"taxonomy":"product_tag","embeddable":true,"href":"https:\/\/kts.ist\/index.php?rest_route=%2Fwp%2Fv2%2Fproduct_tag&post=4581"}],"curies":[{"name":"wp","href":"https:\/\/api.w.org\/{rel}","templated":true}]}}