{"id":4580,"date":"2017-07-07T12:38:04","date_gmt":"2017-07-07T09:38:04","guid":{"rendered":"http:\/\/kts.local\/urun\/6214029\/"},"modified":"2025-08-11T18:43:44","modified_gmt":"2025-08-11T15:43:44","slug":"6214029","status":"publish","type":"product","link":"https:\/\/kts.ist\/?product=6214029","title":{"rendered":"6214029"},"content":{"rendered":"","protected":false},"excerpt":{"rendered":"<p>4 Yollu Ba\u011flant\u0131 Par\u00e7as\u0131<\/p>\n<p>\u00dcr\u00fcn Tan\u0131m\u0131 Geni\u015flik (mm) \u00dcr\u00fcn Kodu<br \/>\nLK 620 NS FS 200 6214029<br \/>\nLK 630 NS FS 300 6214037<br \/>\nLK 640 NS FS 400 6214045<br \/>\nLK 650 NS FS 500 6214053<br \/>\nLK 660 NS FS 600 6214061<br \/>\nLK 620 VS FT 200 6214320<br \/>\nLK 630 VS FT 300 6214339<br \/>\nLK 640 VS FT 400 6214347<br \/>\nLK 650 VS FT 500 6214355<br \/>\nLK 660 VS FT 600 621436<\/p>\n","protected":false},"featured_media":4282,"comment_status":"closed","ping_status":"closed","template":"","meta":[],"product_cat":[275,317],"product_tag":[],"class_list":{"0":"post-4580","1":"product","2":"type-product","3":"status-publish","4":"has-post-thumbnail","6":"product_cat-endustriyel-kablo-sistemleri","7":"product_cat-merdiven654","9":"first","10":"instock","11":"shipping-taxable","12":"product-type-grouped","13":"add-to-wishlist-after_add_to_cart"},"_links":{"self":[{"href":"https:\/\/kts.ist\/index.php?rest_route=\/wp\/v2\/product\/4580","targetHints":{"allow":["GET"]}}],"collection":[{"href":"https:\/\/kts.ist\/index.php?rest_route=\/wp\/v2\/product"}],"about":[{"href":"https:\/\/kts.ist\/index.php?rest_route=\/wp\/v2\/types\/product"}],"replies":[{"embeddable":true,"href":"https:\/\/kts.ist\/index.php?rest_route=%2Fwp%2Fv2%2Fcomments&post=4580"}],"wp:featuredmedia":[{"embeddable":true,"href":"https:\/\/kts.ist\/index.php?rest_route=\/wp\/v2\/media\/4282"}],"wp:attachment":[{"href":"https:\/\/kts.ist\/index.php?rest_route=%2Fwp%2Fv2%2Fmedia&parent=4580"}],"wp:term":[{"taxonomy":"product_cat","embeddable":true,"href":"https:\/\/kts.ist\/index.php?rest_route=%2Fwp%2Fv2%2Fproduct_cat&post=4580"},{"taxonomy":"product_tag","embeddable":true,"href":"https:\/\/kts.ist\/index.php?rest_route=%2Fwp%2Fv2%2Fproduct_tag&post=4580"}],"curies":[{"name":"wp","href":"https:\/\/api.w.org\/{rel}","templated":true}]}}