{"id":4579,"date":"2017-07-07T12:37:28","date_gmt":"2017-07-07T09:37:28","guid":{"rendered":"http:\/\/kts.local\/urun\/6213529\/"},"modified":"2025-08-11T18:43:44","modified_gmt":"2025-08-11T15:43:44","slug":"6213529","status":"publish","type":"product","link":"https:\/\/kts.ist\/?product=6213529","title":{"rendered":"6213529"},"content":{"rendered":"","protected":false},"excerpt":{"rendered":"<p>&#8220;T&#8221; Par\u00e7as\u0131<\/p>\n<p>\u00dcr\u00fcn Tan\u0131m\u0131 Geni\u015flik (mm) \u00dcr\u00fcn Kodu<br \/>\nLT 620 NS FS 200 6213529<br \/>\nLT 630 NS FS 300 6213537<br \/>\nLT 640 NS FS 400 6213545<br \/>\nLT 650 NS FS 500 6213553<br \/>\nLT 660 NS FS 600 6213561<br \/>\nLT 620 VS FT 200 6213820<br \/>\nLT 630 VS FT 300 6213839<br \/>\nLT 640 VS FT 400 6213847<br \/>\nLT 650 VS FT 500 6213855<br \/>\nLT 660 VS FT 600 6213863<\/p>\n","protected":false},"featured_media":4283,"comment_status":"closed","ping_status":"closed","template":"","meta":[],"product_cat":[275,317],"product_tag":[],"class_list":{"0":"post-4579","1":"product","2":"type-product","3":"status-publish","4":"has-post-thumbnail","6":"product_cat-endustriyel-kablo-sistemleri","7":"product_cat-merdiven654","9":"first","10":"instock","11":"shipping-taxable","12":"product-type-grouped","13":"add-to-wishlist-after_add_to_cart"},"_links":{"self":[{"href":"https:\/\/kts.ist\/index.php?rest_route=\/wp\/v2\/product\/4579","targetHints":{"allow":["GET"]}}],"collection":[{"href":"https:\/\/kts.ist\/index.php?rest_route=\/wp\/v2\/product"}],"about":[{"href":"https:\/\/kts.ist\/index.php?rest_route=\/wp\/v2\/types\/product"}],"replies":[{"embeddable":true,"href":"https:\/\/kts.ist\/index.php?rest_route=%2Fwp%2Fv2%2Fcomments&post=4579"}],"wp:featuredmedia":[{"embeddable":true,"href":"https:\/\/kts.ist\/index.php?rest_route=\/wp\/v2\/media\/4283"}],"wp:attachment":[{"href":"https:\/\/kts.ist\/index.php?rest_route=%2Fwp%2Fv2%2Fmedia&parent=4579"}],"wp:term":[{"taxonomy":"product_cat","embeddable":true,"href":"https:\/\/kts.ist\/index.php?rest_route=%2Fwp%2Fv2%2Fproduct_cat&post=4579"},{"taxonomy":"product_tag","embeddable":true,"href":"https:\/\/kts.ist\/index.php?rest_route=%2Fwp%2Fv2%2Fproduct_tag&post=4579"}],"curies":[{"name":"wp","href":"https:\/\/api.w.org\/{rel}","templated":true}]}}