{"id":4573,"date":"2017-07-07T12:33:48","date_gmt":"2017-07-07T09:33:48","guid":{"rendered":"http:\/\/kts.local\/urun\/6209610\/"},"modified":"2025-08-11T18:43:44","modified_gmt":"2025-08-11T15:43:44","slug":"6209610","status":"publish","type":"product","link":"https:\/\/kts.ist\/?product=6209610","title":{"rendered":"6209610"},"content":{"rendered":"","protected":false},"excerpt":{"rendered":"<p>Kablo Merdiveni; LCIS 60<\/p>\n<p>\u00dcr\u00fcn Tan\u0131m\u0131 Geni\u015flik (mm) Uzunluk (mm) Y\u00fck Ta\u015f\u0131ma Kapasitesi (kg\/m) \u00dcr\u00fcn Kodu<br \/>\nLCIS 620 VS 3 FS 200 3000 330 6209610<br \/>\nLCIS 630 VS 3 FS 300 3000 330 6209612<br \/>\nLCIS 640 VS 3 FS 400 3000 330 6209614<br \/>\nLCIS 650 VS 3 FS 500 3000 330 6209616<br \/>\nLCIS 660 VS 3 FS 600 3000 330 6209618<br \/>\nLCIS 620 VS 6 FS 200 6000 330 6209630<br \/>\nLCIS 630 VS 6 FS 300 6000 330 6209632<br \/>\nLCIS 640 VS 6 FS 400 6000 330 6209634<br \/>\nLCIS 650 VS 6 FS 500 6000 330 6209636<br \/>\nLCIS 660 VS 6 FS 600 6000 330 6209638<br \/>\nLCIS 620 VS 6 FT 200 3000 330 6209643<br \/>\nLCIS 630 VS 6 FT 300 3000 330 6209645<br \/>\nLCIS 640 VS 6 FT 400 3000 330 6209647<br \/>\nLCIS 650 VS 6 FT 500 3000 330 6209649<br \/>\nLCIS 660 VS 6 FT 600 3000 330 6207651<\/p>\n","protected":false},"featured_media":4288,"comment_status":"closed","ping_status":"closed","template":"","meta":[],"product_cat":[275,314],"product_tag":[],"class_list":{"0":"post-4573","1":"product","2":"type-product","3":"status-publish","4":"has-post-thumbnail","6":"product_cat-endustriyel-kablo-sistemleri","7":"product_cat-merdiven651","9":"first","10":"instock","11":"shipping-taxable","12":"product-type-grouped","13":"add-to-wishlist-after_add_to_cart"},"_links":{"self":[{"href":"https:\/\/kts.ist\/index.php?rest_route=\/wp\/v2\/product\/4573","targetHints":{"allow":["GET"]}}],"collection":[{"href":"https:\/\/kts.ist\/index.php?rest_route=\/wp\/v2\/product"}],"about":[{"href":"https:\/\/kts.ist\/index.php?rest_route=\/wp\/v2\/types\/product"}],"replies":[{"embeddable":true,"href":"https:\/\/kts.ist\/index.php?rest_route=%2Fwp%2Fv2%2Fcomments&post=4573"}],"wp:featuredmedia":[{"embeddable":true,"href":"https:\/\/kts.ist\/index.php?rest_route=\/wp\/v2\/media\/4288"}],"wp:attachment":[{"href":"https:\/\/kts.ist\/index.php?rest_route=%2Fwp%2Fv2%2Fmedia&parent=4573"}],"wp:term":[{"taxonomy":"product_cat","embeddable":true,"href":"https:\/\/kts.ist\/index.php?rest_route=%2Fwp%2Fv2%2Fproduct_cat&post=4573"},{"taxonomy":"product_tag","embeddable":true,"href":"https:\/\/kts.ist\/index.php?rest_route=%2Fwp%2Fv2%2Fproduct_tag&post=4573"}],"curies":[{"name":"wp","href":"https:\/\/api.w.org\/{rel}","templated":true}]}}