{"id":4571,"date":"2017-07-07T12:33:13","date_gmt":"2017-07-07T09:33:13","guid":{"rendered":"http:\/\/kts.local\/urun\/6208538\/"},"modified":"2025-08-11T18:43:44","modified_gmt":"2025-08-11T15:43:44","slug":"6208538","status":"publish","type":"product","link":"https:\/\/kts.ist\/?product=6208538","title":{"rendered":"6208538"},"content":{"rendered":"","protected":false},"excerpt":{"rendered":"<p>Kablo Merdiveni; LG 60; VS<\/p>\n<p>\u00dcr\u00fcn Tan\u0131m\u0131 Geni\u015flik (mm) Uzunluk (mm) Y\u00fck Ta\u015f\u0131ma Kapasitesi (kg\/m) \u00dcr\u00fcn Kodu<br \/>\nLG 620 VS 3 FS 200 3000 225 6208538<br \/>\nLG 630 VS 3 FS 300 3000 225 6208541<br \/>\nLG 640 VS 3 FS 400 3000 225 6208544<br \/>\nLG 650 VS 3 FS 500 3000 225 6208547<br \/>\nLG 660 VS 3 FS 600 3000 225 6208550<br \/>\nLG 620 VS 6 FS 200 6000 225 6208627<br \/>\nLG 630 VS 6 FS 300 6000 225 6208630<br \/>\nLG 640 VS 6 FS 400 6000 225 6208633<br \/>\nLG 650 VS 6 FS 500 6000 225 6208636<br \/>\nLG 660 VS 6 FS 600 6000 225 6208639<br \/>\nLG 620 VS 6 FT 200 3000 225 6208650<br \/>\nLG 630 VS 6 FT 300 3000 225 6208653<br \/>\nLG 640 VS 6 FT 400 3000 225 6208656<br \/>\nLG 650 VS 6 FT 500 3000 225 6208659<br \/>\nLG 660 VS 6 FT 600 3000 225 6208661<\/p>\n","protected":false},"featured_media":4289,"comment_status":"closed","ping_status":"closed","template":"","meta":[],"product_cat":[275,314],"product_tag":[],"class_list":{"0":"post-4571","1":"product","2":"type-product","3":"status-publish","4":"has-post-thumbnail","6":"product_cat-endustriyel-kablo-sistemleri","7":"product_cat-merdiven651","9":"first","10":"instock","11":"shipping-taxable","12":"product-type-grouped","13":"add-to-wishlist-after_add_to_cart"},"_links":{"self":[{"href":"https:\/\/kts.ist\/index.php?rest_route=\/wp\/v2\/product\/4571","targetHints":{"allow":["GET"]}}],"collection":[{"href":"https:\/\/kts.ist\/index.php?rest_route=\/wp\/v2\/product"}],"about":[{"href":"https:\/\/kts.ist\/index.php?rest_route=\/wp\/v2\/types\/product"}],"replies":[{"embeddable":true,"href":"https:\/\/kts.ist\/index.php?rest_route=%2Fwp%2Fv2%2Fcomments&post=4571"}],"wp:featuredmedia":[{"embeddable":true,"href":"https:\/\/kts.ist\/index.php?rest_route=\/wp\/v2\/media\/4289"}],"wp:attachment":[{"href":"https:\/\/kts.ist\/index.php?rest_route=%2Fwp%2Fv2%2Fmedia&parent=4571"}],"wp:term":[{"taxonomy":"product_cat","embeddable":true,"href":"https:\/\/kts.ist\/index.php?rest_route=%2Fwp%2Fv2%2Fproduct_cat&post=4571"},{"taxonomy":"product_tag","embeddable":true,"href":"https:\/\/kts.ist\/index.php?rest_route=%2Fwp%2Fv2%2Fproduct_tag&post=4571"}],"curies":[{"name":"wp","href":"https:\/\/api.w.org\/{rel}","templated":true}]}}