{"id":4570,"date":"2017-07-07T12:32:35","date_gmt":"2017-07-07T09:32:35","guid":{"rendered":"http:\/\/kts.local\/urun\/6208506\/"},"modified":"2025-08-11T18:43:45","modified_gmt":"2025-08-11T15:43:45","slug":"6208506","status":"publish","type":"product","link":"https:\/\/kts.ist\/?product=6208506","title":{"rendered":"6208506"},"content":{"rendered":"","protected":false},"excerpt":{"rendered":"<p>Kablo Merdiveni; LG 60; NS<\/p>\n<p>\u00dcr\u00fcn Tan\u0131m\u0131 Geni\u015flik (mm) Uzunluk (mm) Y\u00fck Ta\u015f\u0131ma Kapasitesi (kg\/m) \u00dcr\u00fcn Kodu<br \/>\nLG 620 NS 3 FS 200 3000 200 6208506<br \/>\nLG 630 NS 3 FS 300 3000 200 6208509<br \/>\nLG 640 NS 3 FS 400 3000 200 6208512<br \/>\nLG 650 NS 3 FS 500 3000 200 6208518<br \/>\nLG 660 NS 3 FS 600 3000 200 6200520<br \/>\nLG 620 NS 6 FS 200 6000 200 6208581<br \/>\nLG 630 NS 6 FS 300 6000 200 6208584<br \/>\nLG 640 NS 6 FS 400 6000 200 6208587<br \/>\nLG 650 NS 6 FS 500 6000 200 6208590<br \/>\nLG 660 NS 6 FS 600 6000 200 6208593<br \/>\nLG 620 NS 6 FT 200 3000 200 6208603<br \/>\nLG 630 NS 6 FT 300 3000 200 6208606<br \/>\nLG 640 NS 6 FT 400 3000 200 6208609<br \/>\nLG 650 NS 6 FT 500 3000 200 6208612<br \/>\nLG 660 NS 6 FT 600 3000 200 6208615<\/p>\n","protected":false},"featured_media":4290,"comment_status":"closed","ping_status":"closed","template":"","meta":[],"product_cat":[275,314],"product_tag":[],"class_list":{"0":"post-4570","1":"product","2":"type-product","3":"status-publish","4":"has-post-thumbnail","6":"product_cat-endustriyel-kablo-sistemleri","7":"product_cat-merdiven651","9":"first","10":"instock","11":"shipping-taxable","12":"product-type-grouped","13":"add-to-wishlist-after_add_to_cart"},"_links":{"self":[{"href":"https:\/\/kts.ist\/index.php?rest_route=\/wp\/v2\/product\/4570","targetHints":{"allow":["GET"]}}],"collection":[{"href":"https:\/\/kts.ist\/index.php?rest_route=\/wp\/v2\/product"}],"about":[{"href":"https:\/\/kts.ist\/index.php?rest_route=\/wp\/v2\/types\/product"}],"replies":[{"embeddable":true,"href":"https:\/\/kts.ist\/index.php?rest_route=%2Fwp%2Fv2%2Fcomments&post=4570"}],"wp:featuredmedia":[{"embeddable":true,"href":"https:\/\/kts.ist\/index.php?rest_route=\/wp\/v2\/media\/4290"}],"wp:attachment":[{"href":"https:\/\/kts.ist\/index.php?rest_route=%2Fwp%2Fv2%2Fmedia&parent=4570"}],"wp:term":[{"taxonomy":"product_cat","embeddable":true,"href":"https:\/\/kts.ist\/index.php?rest_route=%2Fwp%2Fv2%2Fproduct_cat&post=4570"},{"taxonomy":"product_tag","embeddable":true,"href":"https:\/\/kts.ist\/index.php?rest_route=%2Fwp%2Fv2%2Fproduct_tag&post=4570"}],"curies":[{"name":"wp","href":"https:\/\/api.w.org\/{rel}","templated":true}]}}