{"id":4566,"date":"2017-07-07T12:29:36","date_gmt":"2017-07-07T09:29:36","guid":{"rendered":"http:\/\/kts.local\/urun\/6205038\/"},"modified":"2025-08-11T18:43:45","modified_gmt":"2025-08-11T15:43:45","slug":"6205038","status":"publish","type":"product","link":"https:\/\/kts.ist\/?product=6205038","title":{"rendered":"6205038"},"content":{"rendered":"","protected":false},"excerpt":{"rendered":"<p>90\u02da Dikey \u0130ni\u015f-\u00c7\u0131k\u0131\u015f Par\u00e7as\u0131<\/p>\n<p>\u00dcr\u00fcn Tan\u0131m\u0131 Geni\u015flik (mm) \u00dcr\u00fcn Kodu<br \/>\nLGBV 420 NS FS 200 6205038<br \/>\nLGBV 430 NS FS 300 6205046<br \/>\nLGBV 440 NS FS 400 6205054<br \/>\nLGBV 450 NS FS 500 6205062<br \/>\nLGBV 460 NS FS 600 6205070<br \/>\nLGBV 420 NS FT 200 6205127<br \/>\nLGBV 430 NS FT 300 6205135<br \/>\nLGBV 440 NS FT 400 6205143<br \/>\nLGBV 450 NS FT 500 6205151<br \/>\nLGBV 460 NS FT 600 6205178<\/p>\n","protected":false},"featured_media":4294,"comment_status":"closed","ping_status":"closed","template":"","meta":[],"product_cat":[275,313],"product_tag":[],"class_list":{"0":"post-4566","1":"product","2":"type-product","3":"status-publish","4":"has-post-thumbnail","6":"product_cat-endustriyel-kablo-sistemleri","7":"product_cat-merdiven455","9":"first","10":"instock","11":"shipping-taxable","12":"product-type-grouped","13":"add-to-wishlist-after_add_to_cart"},"_links":{"self":[{"href":"https:\/\/kts.ist\/index.php?rest_route=\/wp\/v2\/product\/4566","targetHints":{"allow":["GET"]}}],"collection":[{"href":"https:\/\/kts.ist\/index.php?rest_route=\/wp\/v2\/product"}],"about":[{"href":"https:\/\/kts.ist\/index.php?rest_route=\/wp\/v2\/types\/product"}],"replies":[{"embeddable":true,"href":"https:\/\/kts.ist\/index.php?rest_route=%2Fwp%2Fv2%2Fcomments&post=4566"}],"wp:featuredmedia":[{"embeddable":true,"href":"https:\/\/kts.ist\/index.php?rest_route=\/wp\/v2\/media\/4294"}],"wp:attachment":[{"href":"https:\/\/kts.ist\/index.php?rest_route=%2Fwp%2Fv2%2Fmedia&parent=4566"}],"wp:term":[{"taxonomy":"product_cat","embeddable":true,"href":"https:\/\/kts.ist\/index.php?rest_route=%2Fwp%2Fv2%2Fproduct_cat&post=4566"},{"taxonomy":"product_tag","embeddable":true,"href":"https:\/\/kts.ist\/index.php?rest_route=%2Fwp%2Fv2%2Fproduct_tag&post=4566"}],"curies":[{"name":"wp","href":"https:\/\/api.w.org\/{rel}","templated":true}]}}