{"id":4561,"date":"2017-07-07T12:27:01","date_gmt":"2017-07-07T09:27:01","guid":{"rendered":"http:\/\/kts.local\/urun\/6200540\/"},"modified":"2025-08-11T18:43:45","modified_gmt":"2025-08-11T15:43:45","slug":"6200540","status":"publish","type":"product","link":"https:\/\/kts.ist\/?product=6200540","title":{"rendered":"6200540"},"content":{"rendered":"","protected":false},"excerpt":{"rendered":"<p>Kablo Merdiveni; SLG 45<\/p>\n<p>\u00dcr\u00fcn Tan\u0131m\u0131 Geni\u015flik (mm) Uzunluk (mm) Y\u00fck Ta\u015f\u0131ma Kapasitesi (kg\/m) \u00dcr\u00fcn Kodu<br \/>\nSLG 420 NS 3 FS 200 3000 275 6200540<br \/>\nSLG 430 NS 3 FS 300 3000 275 6200543<br \/>\nSLG 440 NS 3 FS 400 3000 275 6200546<br \/>\nSLG 450 NS 3 FS 500 3000 275 6200549<br \/>\nSLG 460 NS 3 FS 600 3000 275 6200552<br \/>\nSLG 420 NS 6 FS 200 6000 275 6200623<br \/>\nSLG 430 NS 6 FS 300 6000 275 6200626<br \/>\nSLG 440 NS 6 FS 400 6000 275 6200629<br \/>\nSLG 450 NS 6 FS 500 6000 275 6200632<br \/>\nSLG 460 NS 6 FS 600 6000 275 6200635<br \/>\nSLG 420 NS 6 FT 200 3000 275 6200646<br \/>\nSLG 430 NS 6 FT 300 3000 275 6200649<br \/>\nSLG 440 NS 6 FT 400 3000 275 6200652<br \/>\nSLG 450 NS 6 FT 500 3000 275 6200655<br \/>\nSLG 460 NS 6 FT 600 3000 275 6200658<\/p>\n","protected":false},"featured_media":4298,"comment_status":"closed","ping_status":"closed","template":"","meta":[],"product_cat":[275,309],"product_tag":[],"class_list":{"0":"post-4561","1":"product","2":"type-product","3":"status-publish","4":"has-post-thumbnail","6":"product_cat-endustriyel-kablo-sistemleri","7":"product_cat-merdiven451","9":"first","10":"instock","11":"shipping-taxable","12":"product-type-grouped","13":"add-to-wishlist-after_add_to_cart"},"_links":{"self":[{"href":"https:\/\/kts.ist\/index.php?rest_route=\/wp\/v2\/product\/4561","targetHints":{"allow":["GET"]}}],"collection":[{"href":"https:\/\/kts.ist\/index.php?rest_route=\/wp\/v2\/product"}],"about":[{"href":"https:\/\/kts.ist\/index.php?rest_route=\/wp\/v2\/types\/product"}],"replies":[{"embeddable":true,"href":"https:\/\/kts.ist\/index.php?rest_route=%2Fwp%2Fv2%2Fcomments&post=4561"}],"wp:featuredmedia":[{"embeddable":true,"href":"https:\/\/kts.ist\/index.php?rest_route=\/wp\/v2\/media\/4298"}],"wp:attachment":[{"href":"https:\/\/kts.ist\/index.php?rest_route=%2Fwp%2Fv2%2Fmedia&parent=4561"}],"wp:term":[{"taxonomy":"product_cat","embeddable":true,"href":"https:\/\/kts.ist\/index.php?rest_route=%2Fwp%2Fv2%2Fproduct_cat&post=4561"},{"taxonomy":"product_tag","embeddable":true,"href":"https:\/\/kts.ist\/index.php?rest_route=%2Fwp%2Fv2%2Fproduct_tag&post=4561"}],"curies":[{"name":"wp","href":"https:\/\/api.w.org\/{rel}","templated":true}]}}