{"id":4556,"date":"2017-07-07T12:04:48","date_gmt":"2017-07-07T09:04:48","guid":{"rendered":"http:\/\/kts.local\/urun\/6049181\/"},"modified":"2025-08-11T18:43:45","modified_gmt":"2025-08-11T15:43:45","slug":"6049181","status":"publish","type":"product","link":"https:\/\/kts.ist\/?product=6049181","title":{"rendered":"6049181"},"content":{"rendered":"","protected":false},"excerpt":{"rendered":"<p>Ta\u015f\u0131y\u0131c\u0131 Kapak; 500mm&#8217;de Bir Kilitli<\/p>\n<p>\u00dcr\u00fcn Tan\u0131m\u0131 Geni\u015flik (mm) \u00dcr\u00fcn Kodu<br \/>\nDF BKR10 FS AL 100 6049181<br \/>\nDF BKR20 FS AL 200 6049183<br \/>\nDF BKR30 FS AL 300 6049185<br \/>\nDF BKR40 FS AL 400 6049187<br \/>\nDF BKR50 FS AL 500 6049189<br \/>\nDF BKR60 FS AL 600 6049191<\/p>\n","protected":false},"featured_media":4302,"comment_status":"closed","ping_status":"closed","template":"","meta":[],"product_cat":[335],"product_tag":[],"class_list":{"0":"post-4556","1":"product","2":"type-product","3":"status-publish","4":"has-post-thumbnail","6":"product_cat-ustunde-yurunebilen-kanal-sistemleri","8":"first","9":"instock","10":"shipping-taxable","11":"product-type-grouped","12":"add-to-wishlist-after_add_to_cart"},"_links":{"self":[{"href":"https:\/\/kts.ist\/index.php?rest_route=\/wp\/v2\/product\/4556","targetHints":{"allow":["GET"]}}],"collection":[{"href":"https:\/\/kts.ist\/index.php?rest_route=\/wp\/v2\/product"}],"about":[{"href":"https:\/\/kts.ist\/index.php?rest_route=\/wp\/v2\/types\/product"}],"replies":[{"embeddable":true,"href":"https:\/\/kts.ist\/index.php?rest_route=%2Fwp%2Fv2%2Fcomments&post=4556"}],"wp:featuredmedia":[{"embeddable":true,"href":"https:\/\/kts.ist\/index.php?rest_route=\/wp\/v2\/media\/4302"}],"wp:attachment":[{"href":"https:\/\/kts.ist\/index.php?rest_route=%2Fwp%2Fv2%2Fmedia&parent=4556"}],"wp:term":[{"taxonomy":"product_cat","embeddable":true,"href":"https:\/\/kts.ist\/index.php?rest_route=%2Fwp%2Fv2%2Fproduct_cat&post=4556"},{"taxonomy":"product_tag","embeddable":true,"href":"https:\/\/kts.ist\/index.php?rest_route=%2Fwp%2Fv2%2Fproduct_tag&post=4556"}],"curies":[{"name":"wp","href":"https:\/\/api.w.org\/{rel}","templated":true}]}}