{"id":4554,"date":"2017-07-07T12:03:41","date_gmt":"2017-07-07T09:03:41","guid":{"rendered":"http:\/\/kts.local\/urun\/6062391\/"},"modified":"2025-08-11T18:43:45","modified_gmt":"2025-08-11T15:43:45","slug":"6062391","status":"publish","type":"product","link":"https:\/\/kts.ist\/?product=6062391","title":{"rendered":"6062391"},"content":{"rendered":"","protected":false},"excerpt":{"rendered":"<p>Z Formlu Ta\u015f\u0131y\u0131c\u0131 Profil<\/p>\n<p>\u00dcr\u00fcn Tan\u0131m\u0131 \u00dcr\u00fcn Kodu<br \/>\nTSG 110Z BKRS FS 6062391<\/p>\n","protected":false},"featured_media":4304,"comment_status":"closed","ping_status":"closed","template":"","meta":[],"product_cat":[335],"product_tag":[],"class_list":{"0":"post-4554","1":"product","2":"type-product","3":"status-publish","4":"has-post-thumbnail","6":"product_cat-ustunde-yurunebilen-kanal-sistemleri","8":"first","9":"instock","10":"shipping-taxable","11":"product-type-grouped","12":"add-to-wishlist-after_add_to_cart"},"_links":{"self":[{"href":"https:\/\/kts.ist\/index.php?rest_route=\/wp\/v2\/product\/4554","targetHints":{"allow":["GET"]}}],"collection":[{"href":"https:\/\/kts.ist\/index.php?rest_route=\/wp\/v2\/product"}],"about":[{"href":"https:\/\/kts.ist\/index.php?rest_route=\/wp\/v2\/types\/product"}],"replies":[{"embeddable":true,"href":"https:\/\/kts.ist\/index.php?rest_route=%2Fwp%2Fv2%2Fcomments&post=4554"}],"wp:featuredmedia":[{"embeddable":true,"href":"https:\/\/kts.ist\/index.php?rest_route=\/wp\/v2\/media\/4304"}],"wp:attachment":[{"href":"https:\/\/kts.ist\/index.php?rest_route=%2Fwp%2Fv2%2Fmedia&parent=4554"}],"wp:term":[{"taxonomy":"product_cat","embeddable":true,"href":"https:\/\/kts.ist\/index.php?rest_route=%2Fwp%2Fv2%2Fproduct_cat&post=4554"},{"taxonomy":"product_tag","embeddable":true,"href":"https:\/\/kts.ist\/index.php?rest_route=%2Fwp%2Fv2%2Fproduct_tag&post=4554"}],"curies":[{"name":"wp","href":"https:\/\/api.w.org\/{rel}","templated":true}]}}