{"id":4552,"date":"2017-07-07T12:02:14","date_gmt":"2017-07-07T09:02:14","guid":{"rendered":"http:\/\/kts.local\/urun\/6061981\/"},"modified":"2025-08-11T18:43:45","modified_gmt":"2025-08-11T15:43:45","slug":"6061981","status":"publish","type":"product","link":"https:\/\/kts.ist\/?product=6061981","title":{"rendered":"6061981"},"content":{"rendered":"","protected":false},"excerpt":{"rendered":"<p>BKRS Kablo Kanal\u0131, 110mm Yanal Y\u00fckseklik<\/p>\n<p>\u00dcr\u00fcn Tan\u0131m\u0131 Geni\u015flik (mm) Y\u00fck Ta\u015f\u0131ma Kapasitesi (kg\/m) \u00dcr\u00fcn Kodu<br \/>\nBKRS 1110 FS 100 490 6061981<br \/>\nBKRS 1120 FS 200 460 6061983<br \/>\nBKRS 1130 FS 300 420 6061985<br \/>\nBKRS 1140 FS 400 320 6061987<br \/>\nBKRS 1150 FS 500 290 6061989<br \/>\nBKRS 1160 FS 600 250 6061991<\/p>\n","protected":false},"featured_media":4306,"comment_status":"closed","ping_status":"closed","template":"","meta":[],"product_cat":[335],"product_tag":[],"class_list":{"0":"post-4552","1":"product","2":"type-product","3":"status-publish","4":"has-post-thumbnail","6":"product_cat-ustunde-yurunebilen-kanal-sistemleri","8":"first","9":"instock","10":"shipping-taxable","11":"product-type-grouped","12":"add-to-wishlist-after_add_to_cart"},"_links":{"self":[{"href":"https:\/\/kts.ist\/index.php?rest_route=\/wp\/v2\/product\/4552","targetHints":{"allow":["GET"]}}],"collection":[{"href":"https:\/\/kts.ist\/index.php?rest_route=\/wp\/v2\/product"}],"about":[{"href":"https:\/\/kts.ist\/index.php?rest_route=\/wp\/v2\/types\/product"}],"replies":[{"embeddable":true,"href":"https:\/\/kts.ist\/index.php?rest_route=%2Fwp%2Fv2%2Fcomments&post=4552"}],"wp:featuredmedia":[{"embeddable":true,"href":"https:\/\/kts.ist\/index.php?rest_route=\/wp\/v2\/media\/4306"}],"wp:attachment":[{"href":"https:\/\/kts.ist\/index.php?rest_route=%2Fwp%2Fv2%2Fmedia&parent=4552"}],"wp:term":[{"taxonomy":"product_cat","embeddable":true,"href":"https:\/\/kts.ist\/index.php?rest_route=%2Fwp%2Fv2%2Fproduct_cat&post=4552"},{"taxonomy":"product_tag","embeddable":true,"href":"https:\/\/kts.ist\/index.php?rest_route=%2Fwp%2Fv2%2Fproduct_tag&post=4552"}],"curies":[{"name":"wp","href":"https:\/\/api.w.org\/{rel}","templated":true}]}}