{"id":4548,"date":"2017-07-07T11:59:15","date_gmt":"2017-07-07T08:59:15","guid":{"rendered":"http:\/\/kts.local\/urun\/6062000\/"},"modified":"2025-08-11T18:43:46","modified_gmt":"2025-08-11T15:43:46","slug":"6062000","status":"publish","type":"product","link":"https:\/\/kts.ist\/?product=6062000","title":{"rendered":"6062000"},"content":{"rendered":"","protected":false},"excerpt":{"rendered":"<p>BKRS Kablo Kanal\u0131, 100mm Yanal Y\u00fckseklik<\/p>\n<p>\u00dcr\u00fcn Tan\u0131m\u0131 Geni\u015flik (mm) Y\u00fck Ta\u015f\u0131ma Kapasitesi (kg\/m) \u00dcr\u00fcn Kodu<br \/>\nBKRS 1010 FS 100 490 6062000<br \/>\nBKRS 1020 FS 200 460 6062002<br \/>\nBKRS 1030 FS 300 420 6062004<br \/>\nBKRS 1040 FS 400 320 6062006<br \/>\nBKRS 1050 FS 500 290 6062008<br \/>\nBKRS 1060 FS 600 250 6062010<\/p>\n","protected":false},"featured_media":4310,"comment_status":"closed","ping_status":"closed","template":"","meta":[],"product_cat":[335],"product_tag":[],"class_list":{"0":"post-4548","1":"product","2":"type-product","3":"status-publish","4":"has-post-thumbnail","6":"product_cat-ustunde-yurunebilen-kanal-sistemleri","8":"first","9":"instock","10":"shipping-taxable","11":"product-type-grouped","12":"add-to-wishlist-after_add_to_cart"},"_links":{"self":[{"href":"https:\/\/kts.ist\/index.php?rest_route=\/wp\/v2\/product\/4548","targetHints":{"allow":["GET"]}}],"collection":[{"href":"https:\/\/kts.ist\/index.php?rest_route=\/wp\/v2\/product"}],"about":[{"href":"https:\/\/kts.ist\/index.php?rest_route=\/wp\/v2\/types\/product"}],"replies":[{"embeddable":true,"href":"https:\/\/kts.ist\/index.php?rest_route=%2Fwp%2Fv2%2Fcomments&post=4548"}],"wp:featuredmedia":[{"embeddable":true,"href":"https:\/\/kts.ist\/index.php?rest_route=\/wp\/v2\/media\/4310"}],"wp:attachment":[{"href":"https:\/\/kts.ist\/index.php?rest_route=%2Fwp%2Fv2%2Fmedia&parent=4548"}],"wp:term":[{"taxonomy":"product_cat","embeddable":true,"href":"https:\/\/kts.ist\/index.php?rest_route=%2Fwp%2Fv2%2Fproduct_cat&post=4548"},{"taxonomy":"product_tag","embeddable":true,"href":"https:\/\/kts.ist\/index.php?rest_route=%2Fwp%2Fv2%2Fproduct_tag&post=4548"}],"curies":[{"name":"wp","href":"https:\/\/api.w.org\/{rel}","templated":true}]}}