{"id":4547,"date":"2017-07-07T11:58:27","date_gmt":"2017-07-07T08:58:27","guid":{"rendered":"http:\/\/kts.local\/urun\/7138500\/"},"modified":"2025-08-11T18:43:46","modified_gmt":"2025-08-11T15:43:46","slug":"7138500","status":"publish","type":"product","link":"https:\/\/kts.ist\/?product=7138500","title":{"rendered":"7138500"},"content":{"rendered":"","protected":false},"excerpt":{"rendered":"<p>90\u02da D\u00f6n\u00fc\u015f Kapa\u011f\u0131 , Kendinden Kilitli<\/p>\n<p>\u00dcr\u00fcn Tan\u0131m\u0131 Geni\u015flik (mm) Kal\u0131nl\u0131k (mm) \u00dcr\u00fcn Kodu<br \/>\nDFBM 90 610 FS 100 1,25 7138500<br \/>\nDFBM 90 615 FS 150 1,25 7138502<br \/>\nDFBM 90 620 FS 200 1,25 7138504<br \/>\nDFBM 90 630 FS 300 1,25 7138506<br \/>\nDFBM 90 640 FS 400 1,25 7138508<br \/>\nDFBM 90 650 FS 500 1,25 7138510<br \/>\nDFBM 90 660 FS 600 1,25 7138512<br \/>\nDFBM 90 610 DD 100 1,25 7138540<br \/>\nDFBM 90 615 DD 150 1,25 7138542<br \/>\nDFBM 90 620 DD 200 1,25 7138544<br \/>\nDFBM 90 630 DD 300 1,25 7138546<br \/>\nDFBM 90 640 DD 400 1,25 7138548<br \/>\nDFBM 90 650 DD 500 1,25 7138550<br \/>\nDFBM 90 660 DD 600 1,25 7138552<\/p>\n","protected":false},"featured_media":4311,"comment_status":"closed","ping_status":"closed","template":"","meta":[],"product_cat":[279,295],"product_tag":[],"class_list":{"0":"post-4547","1":"product","2":"type-product","3":"status-publish","4":"has-post-thumbnail","6":"product_cat-kablo-kanali-ve-kablo-merdivenleri-icin","7":"product_cat-kapak2","9":"first","10":"instock","11":"shipping-taxable","12":"product-type-grouped","13":"add-to-wishlist-after_add_to_cart"},"_links":{"self":[{"href":"https:\/\/kts.ist\/index.php?rest_route=\/wp\/v2\/product\/4547","targetHints":{"allow":["GET"]}}],"collection":[{"href":"https:\/\/kts.ist\/index.php?rest_route=\/wp\/v2\/product"}],"about":[{"href":"https:\/\/kts.ist\/index.php?rest_route=\/wp\/v2\/types\/product"}],"replies":[{"embeddable":true,"href":"https:\/\/kts.ist\/index.php?rest_route=%2Fwp%2Fv2%2Fcomments&post=4547"}],"wp:featuredmedia":[{"embeddable":true,"href":"https:\/\/kts.ist\/index.php?rest_route=\/wp\/v2\/media\/4311"}],"wp:attachment":[{"href":"https:\/\/kts.ist\/index.php?rest_route=%2Fwp%2Fv2%2Fmedia&parent=4547"}],"wp:term":[{"taxonomy":"product_cat","embeddable":true,"href":"https:\/\/kts.ist\/index.php?rest_route=%2Fwp%2Fv2%2Fproduct_cat&post=4547"},{"taxonomy":"product_tag","embeddable":true,"href":"https:\/\/kts.ist\/index.php?rest_route=%2Fwp%2Fv2%2Fproduct_tag&post=4547"}],"curies":[{"name":"wp","href":"https:\/\/api.w.org\/{rel}","templated":true}]}}