{"id":4544,"date":"2017-07-07T11:56:43","date_gmt":"2017-07-07T08:56:43","guid":{"rendered":"http:\/\/kts.local\/urun\/7138930\/"},"modified":"2025-08-11T18:43:46","modified_gmt":"2025-08-11T15:43:46","slug":"7138930","status":"publish","type":"product","link":"https:\/\/kts.ist\/?product=7138930","title":{"rendered":"7138930"},"content":{"rendered":"","protected":false},"excerpt":{"rendered":"<p>4 Yollu Ba\u011flant\u0131 Kapa\u011f\u0131, Kendinden Kilitli<\/p>\n<p>\u00dcr\u00fcn Tan\u0131m\u0131 Geni\u015flik (mm) Kal\u0131nl\u0131k (mm) \u00dcr\u00fcn Kodu<br \/>\nDFKM 100 FS 100 1,25 7138930<br \/>\nDFKM 150 FS 150 1,25 7138932<br \/>\nDFKM 200 FS 200 1,25 7138934<br \/>\nDFKM 300 FS 300 1,25 7138936<br \/>\nDFKM 400 FS 400 1,25 7138938<br \/>\nDFKM 500 FS 500 1,25 7138940<br \/>\nDFKM 600 FS 600 1,25 7138942<br \/>\nDFKM 100 DD 100 1,25 7138970<br \/>\nDFKM 200 DD 200 1,25 7138974<br \/>\nDFKM 300 DD 300 1,25 7138976<br \/>\nDFKM 400 DD 400 1,25 7138978<br \/>\nDFKM 500 DD 500 1,25 7138980<br \/>\nDFKM 600 DD 600 1,25 7138982<\/p>\n","protected":false},"featured_media":4314,"comment_status":"closed","ping_status":"closed","template":"","meta":[],"product_cat":[279,295],"product_tag":[],"class_list":{"0":"post-4544","1":"product","2":"type-product","3":"status-publish","4":"has-post-thumbnail","6":"product_cat-kablo-kanali-ve-kablo-merdivenleri-icin","7":"product_cat-kapak2","9":"first","10":"instock","11":"shipping-taxable","12":"product-type-grouped","13":"add-to-wishlist-after_add_to_cart"},"_links":{"self":[{"href":"https:\/\/kts.ist\/index.php?rest_route=\/wp\/v2\/product\/4544","targetHints":{"allow":["GET"]}}],"collection":[{"href":"https:\/\/kts.ist\/index.php?rest_route=\/wp\/v2\/product"}],"about":[{"href":"https:\/\/kts.ist\/index.php?rest_route=\/wp\/v2\/types\/product"}],"replies":[{"embeddable":true,"href":"https:\/\/kts.ist\/index.php?rest_route=%2Fwp%2Fv2%2Fcomments&post=4544"}],"wp:featuredmedia":[{"embeddable":true,"href":"https:\/\/kts.ist\/index.php?rest_route=\/wp\/v2\/media\/4314"}],"wp:attachment":[{"href":"https:\/\/kts.ist\/index.php?rest_route=%2Fwp%2Fv2%2Fmedia&parent=4544"}],"wp:term":[{"taxonomy":"product_cat","embeddable":true,"href":"https:\/\/kts.ist\/index.php?rest_route=%2Fwp%2Fv2%2Fproduct_cat&post=4544"},{"taxonomy":"product_tag","embeddable":true,"href":"https:\/\/kts.ist\/index.php?rest_route=%2Fwp%2Fv2%2Fproduct_tag&post=4544"}],"curies":[{"name":"wp","href":"https:\/\/api.w.org\/{rel}","templated":true}]}}