{"id":4543,"date":"2017-07-07T11:55:21","date_gmt":"2017-07-07T08:55:21","guid":{"rendered":"http:\/\/kts.local\/urun\/7138640\/"},"modified":"2025-08-11T18:43:46","modified_gmt":"2025-08-11T15:43:46","slug":"7138640","status":"publish","type":"product","link":"https:\/\/kts.ist\/?product=7138640","title":{"rendered":"7138640"},"content":{"rendered":"","protected":false},"excerpt":{"rendered":"<p>&#8220;T&#8221; Par\u00e7as\u0131 Kapa\u011f\u0131, Kendinden Kilitli<\/p>\n<p>\u00dcr\u00fcn Tan\u0131m\u0131 Geni\u015flik (mm) Kal\u0131nl\u0131k (mm) \u00dcr\u00fcn Kodu<br \/>\nDFAAM 100 FS 100 1,25 7138640<br \/>\nDFAAM 150 FS 150 1,25 7138642<br \/>\nDFAAM 200 FS 200 1,25 7138644<br \/>\nDFAAM 300 FS 300 1,25 7138646<br \/>\nDFAAM 400 FS 400 1,25 7138648<br \/>\nDFAAM 500 FS 500 1,25 7138650<br \/>\nDFAAM 600 FS 600 1,25 7138652<br \/>\nDFAAM 100 DD 100 1,25 7138680<br \/>\nDFAAM 150 DD 150 1,25 7138682<br \/>\nDFAAM 200 DD 200 1,25 7138684<br \/>\nDFAAM 300 DD 300 1,25 7138686<br \/>\nDFAAM 400 DD 400 1,25 7138688<br \/>\nDFAAM 500 DD 500 1,25 7138690<br \/>\nDFAAM 600 DD 600 1,25 7138692<\/p>\n","protected":false},"featured_media":4315,"comment_status":"closed","ping_status":"closed","template":"","meta":[],"product_cat":[279,295],"product_tag":[],"class_list":{"0":"post-4543","1":"product","2":"type-product","3":"status-publish","4":"has-post-thumbnail","6":"product_cat-kablo-kanali-ve-kablo-merdivenleri-icin","7":"product_cat-kapak2","9":"first","10":"instock","11":"shipping-taxable","12":"product-type-grouped","13":"add-to-wishlist-after_add_to_cart"},"_links":{"self":[{"href":"https:\/\/kts.ist\/index.php?rest_route=\/wp\/v2\/product\/4543","targetHints":{"allow":["GET"]}}],"collection":[{"href":"https:\/\/kts.ist\/index.php?rest_route=\/wp\/v2\/product"}],"about":[{"href":"https:\/\/kts.ist\/index.php?rest_route=\/wp\/v2\/types\/product"}],"replies":[{"embeddable":true,"href":"https:\/\/kts.ist\/index.php?rest_route=%2Fwp%2Fv2%2Fcomments&post=4543"}],"wp:featuredmedia":[{"embeddable":true,"href":"https:\/\/kts.ist\/index.php?rest_route=\/wp\/v2\/media\/4315"}],"wp:attachment":[{"href":"https:\/\/kts.ist\/index.php?rest_route=%2Fwp%2Fv2%2Fmedia&parent=4543"}],"wp:term":[{"taxonomy":"product_cat","embeddable":true,"href":"https:\/\/kts.ist\/index.php?rest_route=%2Fwp%2Fv2%2Fproduct_cat&post=4543"},{"taxonomy":"product_tag","embeddable":true,"href":"https:\/\/kts.ist\/index.php?rest_route=%2Fwp%2Fv2%2Fproduct_tag&post=4543"}],"curies":[{"name":"wp","href":"https:\/\/api.w.org\/{rel}","templated":true}]}}