{"id":4541,"date":"2017-07-07T11:37:35","date_gmt":"2017-07-07T08:37:35","guid":{"rendered":"http:\/\/kts.local\/urun\/6065600\/"},"modified":"2025-08-11T18:43:46","modified_gmt":"2025-08-11T15:43:46","slug":"6065600","status":"publish","type":"product","link":"https:\/\/kts.ist\/?product=6065600","title":{"rendered":"6065600"},"content":{"rendered":"","protected":false},"excerpt":{"rendered":"<p>Kapak Mandal\u0131, Universal<\/p>\n<p>\u00dcr\u00fcn Tan\u0131m\u0131 \u00dcr\u00fcn Kodu<br \/>\nDKU VA4310 6065600<\/p>\n","protected":false},"featured_media":4245,"comment_status":"closed","ping_status":"closed","template":"","meta":[],"product_cat":[279,294],"product_tag":[],"class_list":{"0":"post-4541","1":"product","2":"type-product","3":"status-publish","4":"has-post-thumbnail","6":"product_cat-kablo-kanali-ve-kablo-merdivenleri-icin","7":"product_cat-kapak1","9":"first","10":"instock","11":"shipping-taxable","12":"product-type-grouped","13":"add-to-wishlist-after_add_to_cart"},"_links":{"self":[{"href":"https:\/\/kts.ist\/index.php?rest_route=\/wp\/v2\/product\/4541","targetHints":{"allow":["GET"]}}],"collection":[{"href":"https:\/\/kts.ist\/index.php?rest_route=\/wp\/v2\/product"}],"about":[{"href":"https:\/\/kts.ist\/index.php?rest_route=\/wp\/v2\/types\/product"}],"replies":[{"embeddable":true,"href":"https:\/\/kts.ist\/index.php?rest_route=%2Fwp%2Fv2%2Fcomments&post=4541"}],"wp:featuredmedia":[{"embeddable":true,"href":"https:\/\/kts.ist\/index.php?rest_route=\/wp\/v2\/media\/4245"}],"wp:attachment":[{"href":"https:\/\/kts.ist\/index.php?rest_route=%2Fwp%2Fv2%2Fmedia&parent=4541"}],"wp:term":[{"taxonomy":"product_cat","embeddable":true,"href":"https:\/\/kts.ist\/index.php?rest_route=%2Fwp%2Fv2%2Fproduct_cat&post=4541"},{"taxonomy":"product_tag","embeddable":true,"href":"https:\/\/kts.ist\/index.php?rest_route=%2Fwp%2Fv2%2Fproduct_tag&post=4541"}],"curies":[{"name":"wp","href":"https:\/\/api.w.org\/{rel}","templated":true}]}}