{"id":4540,"date":"2017-07-07T11:36:57","date_gmt":"2017-07-07T08:36:57","guid":{"rendered":"http:\/\/kts.local\/urun\/6052096\/"},"modified":"2025-08-11T18:43:46","modified_gmt":"2025-08-11T15:43:46","slug":"6052096","status":"publish","type":"product","link":"https:\/\/kts.ist\/?product=6052096","title":{"rendered":"6052096"},"content":{"rendered":"","protected":false},"excerpt":{"rendered":"<p>Kanal Kapa\u011f\u0131, Kendinden Kilitli<\/p>\n<p>\u00dcr\u00fcn Tan\u0131m\u0131 Geni\u015flik (mm) Kal\u0131nl\u0131k (mm) \u00dcr\u00fcn Kodu<br \/>\nDRL 610 FS 100 0,75 6052096<br \/>\nDRL 615 FS 150 1 6052150<br \/>\nDRL 620 FS 200 1 6052207<br \/>\nDRL 630 FS 300 1 6052304<br \/>\nDRL 640 FS 400 1 6052401<br \/>\nDRL 650 FS 500 1,25 6052509<br \/>\nDRL 660 FS 600 1,25 6052606<br \/>\nDRL 610 FT 100 0,75 6051340<br \/>\nDRL 615 FT 150 1 6051359<br \/>\nDRL 620 FT 200 1 6051367<br \/>\nDRL 630 FT 300 1 6051383<br \/>\nDRL 640 FT 400 1 6051413<br \/>\nDRL 650 FT 500 1,25 6051448<br \/>\nDRL 660 FT 600 1,25 6051472<\/p>\n","protected":false},"featured_media":4316,"comment_status":"closed","ping_status":"closed","template":"","meta":[],"product_cat":[279,295],"product_tag":[],"class_list":{"0":"post-4540","1":"product","2":"type-product","3":"status-publish","4":"has-post-thumbnail","6":"product_cat-kablo-kanali-ve-kablo-merdivenleri-icin","7":"product_cat-kapak2","9":"first","10":"instock","11":"shipping-taxable","12":"product-type-grouped","13":"add-to-wishlist-after_add_to_cart"},"_links":{"self":[{"href":"https:\/\/kts.ist\/index.php?rest_route=\/wp\/v2\/product\/4540","targetHints":{"allow":["GET"]}}],"collection":[{"href":"https:\/\/kts.ist\/index.php?rest_route=\/wp\/v2\/product"}],"about":[{"href":"https:\/\/kts.ist\/index.php?rest_route=\/wp\/v2\/types\/product"}],"replies":[{"embeddable":true,"href":"https:\/\/kts.ist\/index.php?rest_route=%2Fwp%2Fv2%2Fcomments&post=4540"}],"wp:featuredmedia":[{"embeddable":true,"href":"https:\/\/kts.ist\/index.php?rest_route=\/wp\/v2\/media\/4316"}],"wp:attachment":[{"href":"https:\/\/kts.ist\/index.php?rest_route=%2Fwp%2Fv2%2Fmedia&parent=4540"}],"wp:term":[{"taxonomy":"product_cat","embeddable":true,"href":"https:\/\/kts.ist\/index.php?rest_route=%2Fwp%2Fv2%2Fproduct_cat&post=4540"},{"taxonomy":"product_tag","embeddable":true,"href":"https:\/\/kts.ist\/index.php?rest_route=%2Fwp%2Fv2%2Fproduct_tag&post=4540"}],"curies":[{"name":"wp","href":"https:\/\/api.w.org\/{rel}","templated":true}]}}