{"id":4539,"date":"2017-07-07T11:14:19","date_gmt":"2017-07-07T08:14:19","guid":{"rendered":"http:\/\/kts.local\/urun\/6065503\/"},"modified":"2025-08-11T18:43:46","modified_gmt":"2025-08-11T15:43:46","slug":"6065503","status":"publish","type":"product","link":"https:\/\/kts.ist\/?product=6065503","title":{"rendered":"6065503"},"content":{"rendered":"","protected":false},"excerpt":{"rendered":"<p>Kapak Mandal\u0131<\/p>\n<p>\u00dcr\u00fcn Tan\u0131m\u0131 Geni\u015flik (mm) \u00dcr\u00fcn Kodu<br \/>\nDKL 35 VA4310 50,9 6065503<br \/>\nDKL 45 VA4310 60,9 6065511<br \/>\nDKL 60 VA4310 75,9 6065538<br \/>\nDKL 85 VA4310 95,9 6065546<br \/>\nDKL 110 VA4310 120,9 6065554<\/p>\n","protected":false},"featured_media":4317,"comment_status":"closed","ping_status":"closed","template":"","meta":[],"product_cat":[279,294],"product_tag":[],"class_list":{"0":"post-4539","1":"product","2":"type-product","3":"status-publish","4":"has-post-thumbnail","6":"product_cat-kablo-kanali-ve-kablo-merdivenleri-icin","7":"product_cat-kapak1","9":"first","10":"instock","11":"shipping-taxable","12":"product-type-grouped","13":"add-to-wishlist-after_add_to_cart"},"_links":{"self":[{"href":"https:\/\/kts.ist\/index.php?rest_route=\/wp\/v2\/product\/4539","targetHints":{"allow":["GET"]}}],"collection":[{"href":"https:\/\/kts.ist\/index.php?rest_route=\/wp\/v2\/product"}],"about":[{"href":"https:\/\/kts.ist\/index.php?rest_route=\/wp\/v2\/types\/product"}],"replies":[{"embeddable":true,"href":"https:\/\/kts.ist\/index.php?rest_route=%2Fwp%2Fv2%2Fcomments&post=4539"}],"wp:featuredmedia":[{"embeddable":true,"href":"https:\/\/kts.ist\/index.php?rest_route=\/wp\/v2\/media\/4317"}],"wp:attachment":[{"href":"https:\/\/kts.ist\/index.php?rest_route=%2Fwp%2Fv2%2Fmedia&parent=4539"}],"wp:term":[{"taxonomy":"product_cat","embeddable":true,"href":"https:\/\/kts.ist\/index.php?rest_route=%2Fwp%2Fv2%2Fproduct_cat&post=4539"},{"taxonomy":"product_tag","embeddable":true,"href":"https:\/\/kts.ist\/index.php?rest_route=%2Fwp%2Fv2%2Fproduct_tag&post=4539"}],"curies":[{"name":"wp","href":"https:\/\/api.w.org\/{rel}","templated":true}]}}