{"id":4534,"date":"2017-07-06T11:32:29","date_gmt":"2017-07-06T08:32:29","guid":{"rendered":"http:\/\/kts.local\/urun\/6062033-2\/"},"modified":"2025-08-11T18:43:46","modified_gmt":"2025-08-11T15:43:46","slug":"6062033-2","status":"publish","type":"product","link":"https:\/\/kts.ist\/?product=6062033-2","title":{"rendered":"6062033"},"content":{"rendered":"","protected":false},"excerpt":{"rendered":"<p>Seperat\u00f6r; 45mm<\/p>\n<p>\u00dcr\u00fcn Tan\u0131m\u0131 Uzunluk (mm) \u00dcr\u00fcn Kodu<br \/>\nTSG 45 FS 3000 6062033<br \/>\nTSG 45 DD 3000 6062321<\/p>\n","protected":false},"featured_media":4322,"comment_status":"closed","ping_status":"closed","template":"","meta":[],"product_cat":[278,293],"product_tag":[],"class_list":{"0":"post-4534","1":"product","2":"type-product","3":"status-publish","4":"has-post-thumbnail","6":"product_cat-kablo-kanal-sistemleri","7":"product_cat-kanal606","9":"first","10":"instock","11":"shipping-taxable","12":"product-type-grouped","13":"add-to-wishlist-after_add_to_cart"},"_links":{"self":[{"href":"https:\/\/kts.ist\/index.php?rest_route=\/wp\/v2\/product\/4534","targetHints":{"allow":["GET"]}}],"collection":[{"href":"https:\/\/kts.ist\/index.php?rest_route=\/wp\/v2\/product"}],"about":[{"href":"https:\/\/kts.ist\/index.php?rest_route=\/wp\/v2\/types\/product"}],"replies":[{"embeddable":true,"href":"https:\/\/kts.ist\/index.php?rest_route=%2Fwp%2Fv2%2Fcomments&post=4534"}],"wp:featuredmedia":[{"embeddable":true,"href":"https:\/\/kts.ist\/index.php?rest_route=\/wp\/v2\/media\/4322"}],"wp:attachment":[{"href":"https:\/\/kts.ist\/index.php?rest_route=%2Fwp%2Fv2%2Fmedia&parent=4534"}],"wp:term":[{"taxonomy":"product_cat","embeddable":true,"href":"https:\/\/kts.ist\/index.php?rest_route=%2Fwp%2Fv2%2Fproduct_cat&post=4534"},{"taxonomy":"product_tag","embeddable":true,"href":"https:\/\/kts.ist\/index.php?rest_route=%2Fwp%2Fv2%2Fproduct_tag&post=4534"}],"curies":[{"name":"wp","href":"https:\/\/api.w.org\/{rel}","templated":true}]}}