{"id":4525,"date":"2017-07-06T11:19:43","date_gmt":"2017-07-06T08:19:43","guid":{"rendered":"http:\/\/kts.local\/urun\/6043410\/"},"modified":"2025-08-11T18:43:56","modified_gmt":"2025-08-11T15:43:56","slug":"6043410","status":"publish","type":"product","link":"https:\/\/kts.ist\/?product=6043410","title":{"rendered":"6043410"},"content":{"rendered":"","protected":false},"excerpt":{"rendered":"<p>3 Yollu Ba\u011flant\u0131 Par\u00e7as\u0131<\/p>\n<p>\u00dcr\u00fcn Tan\u0131m\u0131 Geni\u015flik (mm) \u00dcr\u00fcn Kodu<br \/>\nRT 610 FS 100 6043410<br \/>\nRT 615 FS 150 6043402<br \/>\nRT 620 FS 200 6042429<br \/>\nRT 630 FS 300 6043437<br \/>\nRT 640 FS 400 7003390<br \/>\nRT 650 FS 500 7003412<br \/>\nRT 660 FS 600 7003439<br \/>\nRT 610 FT 100 7117116<br \/>\nRT 615 FT 150 7117162<br \/>\nRT 620 FT 200 7117209<br \/>\nRT 630 FT 300 7117306<br \/>\nRT 640 FT 400 7117396<br \/>\nRT 650 FT 500 7117507<br \/>\nRT 660 FT 600 7117604<\/p>\n","protected":false},"featured_media":4331,"comment_status":"closed","ping_status":"closed","template":"","meta":[],"product_cat":[278,291],"product_tag":[],"class_list":{"0":"post-4525","1":"product","2":"type-product","3":"status-publish","4":"has-post-thumbnail","6":"product_cat-kablo-kanal-sistemleri","7":"product_cat-kanal604","9":"first","10":"instock","11":"shipping-taxable","12":"product-type-grouped","13":"add-to-wishlist-after_add_to_cart"},"_links":{"self":[{"href":"https:\/\/kts.ist\/index.php?rest_route=\/wp\/v2\/product\/4525","targetHints":{"allow":["GET"]}}],"collection":[{"href":"https:\/\/kts.ist\/index.php?rest_route=\/wp\/v2\/product"}],"about":[{"href":"https:\/\/kts.ist\/index.php?rest_route=\/wp\/v2\/types\/product"}],"replies":[{"embeddable":true,"href":"https:\/\/kts.ist\/index.php?rest_route=%2Fwp%2Fv2%2Fcomments&post=4525"}],"wp:featuredmedia":[{"embeddable":true,"href":"https:\/\/kts.ist\/index.php?rest_route=\/wp\/v2\/media\/4331"}],"wp:attachment":[{"href":"https:\/\/kts.ist\/index.php?rest_route=%2Fwp%2Fv2%2Fmedia&parent=4525"}],"wp:term":[{"taxonomy":"product_cat","embeddable":true,"href":"https:\/\/kts.ist\/index.php?rest_route=%2Fwp%2Fv2%2Fproduct_cat&post=4525"},{"taxonomy":"product_tag","embeddable":true,"href":"https:\/\/kts.ist\/index.php?rest_route=%2Fwp%2Fv2%2Fproduct_tag&post=4525"}],"curies":[{"name":"wp","href":"https:\/\/api.w.org\/{rel}","templated":true}]}}