{"id":4524,"date":"2017-07-06T11:19:05","date_gmt":"2017-07-06T08:19:05","guid":{"rendered":"http:\/\/kts.local\/urun\/6040403\/"},"modified":"2025-08-11T18:43:56","modified_gmt":"2025-08-11T15:43:56","slug":"6040403","status":"publish","type":"product","link":"https:\/\/kts.ist\/?product=6040403","title":{"rendered":"6040403"},"content":{"rendered":"","protected":false},"excerpt":{"rendered":"<p>&#8220;T&#8221; Par\u00e7as\u0131<\/p>\n<p>\u00dcr\u00fcn Tan\u0131m\u0131 Geni\u015flik (mm) \u00dcr\u00fcn Kodu<br \/>\nRAA 610 FS 100 6040403<br \/>\nRAA 615 FS 150 6040411<br \/>\nRAA 620 FS 200 6040438<br \/>\nRAA 630 FS 300 6040446<br \/>\nRAA 640 FS 400 7002394<br \/>\nRAA 650 FS 500 7002416<br \/>\nRAA 660 FS 600 7002432<br \/>\nRAA 605 FT 50 7121103<br \/>\nRAA 610 FT 100 7121109<br \/>\nRAA 615 FT 150 7121205<br \/>\nRAA 620 FT 200 7121210<br \/>\nRAA 630 FT 300 7121318<br \/>\nRAA 640 FT 400 7121407<br \/>\nRAA 650 FT 500 7121504<br \/>\nRAA 660 FT 600 7121601<\/p>\n","protected":false},"featured_media":4332,"comment_status":"closed","ping_status":"closed","template":"","meta":[],"product_cat":[278,291],"product_tag":[],"class_list":{"0":"post-4524","1":"product","2":"type-product","3":"status-publish","4":"has-post-thumbnail","6":"product_cat-kablo-kanal-sistemleri","7":"product_cat-kanal604","9":"first","10":"instock","11":"shipping-taxable","12":"product-type-grouped","13":"add-to-wishlist-after_add_to_cart"},"_links":{"self":[{"href":"https:\/\/kts.ist\/index.php?rest_route=\/wp\/v2\/product\/4524","targetHints":{"allow":["GET"]}}],"collection":[{"href":"https:\/\/kts.ist\/index.php?rest_route=\/wp\/v2\/product"}],"about":[{"href":"https:\/\/kts.ist\/index.php?rest_route=\/wp\/v2\/types\/product"}],"replies":[{"embeddable":true,"href":"https:\/\/kts.ist\/index.php?rest_route=%2Fwp%2Fv2%2Fcomments&post=4524"}],"wp:featuredmedia":[{"embeddable":true,"href":"https:\/\/kts.ist\/index.php?rest_route=\/wp\/v2\/media\/4332"}],"wp:attachment":[{"href":"https:\/\/kts.ist\/index.php?rest_route=%2Fwp%2Fv2%2Fmedia&parent=4524"}],"wp:term":[{"taxonomy":"product_cat","embeddable":true,"href":"https:\/\/kts.ist\/index.php?rest_route=%2Fwp%2Fv2%2Fproduct_cat&post=4524"},{"taxonomy":"product_tag","embeddable":true,"href":"https:\/\/kts.ist\/index.php?rest_route=%2Fwp%2Fv2%2Fproduct_tag&post=4524"}],"curies":[{"name":"wp","href":"https:\/\/api.w.org\/{rel}","templated":true}]}}