{"id":4522,"date":"2017-07-06T11:17:44","date_gmt":"2017-07-06T08:17:44","guid":{"rendered":"http:\/\/kts.local\/urun\/6043763\/"},"modified":"2025-08-11T18:43:56","modified_gmt":"2025-08-11T15:43:56","slug":"6043763","status":"publish","type":"product","link":"https:\/\/kts.ist\/?product=6043763","title":{"rendered":"6043763"},"content":{"rendered":"","protected":false},"excerpt":{"rendered":"<p>45\u02da D\u00f6n\u00fc\u015f<\/p>\n<p>\u00dcr\u00fcn Tan\u0131m\u0131 Geni\u015flik (mm) \u00dcr\u00fcn Kodu<br \/>\nRB 45 610 FS 100 6043763<br \/>\nRB 45 615 FS 150 6043755<br \/>\nRB 45 620 FS 200 6043771<br \/>\nRB 45 630 FS 300 6043798<br \/>\nRB 45 640 FS 400 7000383<br \/>\nRB 45 650 FS 500 7000405<br \/>\nRB 45 660 FS 600 7000421<br \/>\nRB 45 605 FT 50 7066102<br \/>\nRB 45 610 FT 100 7066112<br \/>\nRB 45 615 FT 150 7066158<br \/>\nRB 45 620 FT 200 7066228<br \/>\nRB 45 630 FT 300 7066317<br \/>\nRB 45 640 FT 400 7066406<br \/>\nRB 45 650 FT 500 7066503<br \/>\nRB 45 660 FT 600 7066600<\/p>\n","protected":false},"featured_media":4334,"comment_status":"closed","ping_status":"closed","template":"","meta":[],"product_cat":[278,290],"product_tag":[],"class_list":{"0":"post-4522","1":"product","2":"type-product","3":"status-publish","4":"has-post-thumbnail","6":"product_cat-kablo-kanal-sistemleri","7":"product_cat-kanal603","9":"first","10":"instock","11":"shipping-taxable","12":"product-type-grouped","13":"add-to-wishlist-after_add_to_cart"},"_links":{"self":[{"href":"https:\/\/kts.ist\/index.php?rest_route=\/wp\/v2\/product\/4522","targetHints":{"allow":["GET"]}}],"collection":[{"href":"https:\/\/kts.ist\/index.php?rest_route=\/wp\/v2\/product"}],"about":[{"href":"https:\/\/kts.ist\/index.php?rest_route=\/wp\/v2\/types\/product"}],"replies":[{"embeddable":true,"href":"https:\/\/kts.ist\/index.php?rest_route=%2Fwp%2Fv2%2Fcomments&post=4522"}],"wp:featuredmedia":[{"embeddable":true,"href":"https:\/\/kts.ist\/index.php?rest_route=\/wp\/v2\/media\/4334"}],"wp:attachment":[{"href":"https:\/\/kts.ist\/index.php?rest_route=%2Fwp%2Fv2%2Fmedia&parent=4522"}],"wp:term":[{"taxonomy":"product_cat","embeddable":true,"href":"https:\/\/kts.ist\/index.php?rest_route=%2Fwp%2Fv2%2Fproduct_cat&post=4522"},{"taxonomy":"product_tag","embeddable":true,"href":"https:\/\/kts.ist\/index.php?rest_route=%2Fwp%2Fv2%2Fproduct_tag&post=4522"}],"curies":[{"name":"wp","href":"https:\/\/api.w.org\/{rel}","templated":true}]}}