{"id":4513,"date":"2017-07-06T11:08:24","date_gmt":"2017-07-06T08:08:24","guid":{"rendered":"http:\/\/kts.local\/urun\/6063160\/"},"modified":"2025-08-11T18:43:56","modified_gmt":"2025-08-11T15:43:56","slug":"6063160","status":"publish","type":"product","link":"https:\/\/kts.ist\/?product=6063160","title":{"rendered":"6063160"},"content":{"rendered":"","protected":false},"excerpt":{"rendered":"<p>Kablo Kanal\u0131 MKSU<\/p>\n<p>\u00dcr\u00fcn Tan\u0131m\u0131 Geni\u015flik (mm) Kal\u0131nl\u0131k (mm) Y\u00fck Ta\u015f\u0131ma Kapasitesi (kg) \u00dcr\u00fcn Kodu<br \/>\nMKSU 610 FS 100 1 150 6063160<br \/>\nMKSU 615 FS 150 1 150 6063179<br \/>\nMKSU 620 FS 200 1 150 6063187<br \/>\nMKSU 630 FS 300 1 150 6063209<br \/>\nMKSU 640 FS 400 1 150 6063225<br \/>\nMKSU 610 FT 100 1 150 6064302<br \/>\nMKSU 615 FT 150 1 150 6064319<br \/>\nMKSU 620 FT 200 1 150 6064345<br \/>\nMKSU 630 FT 300 1 150 6064396<br \/>\nMKSU 640 FT 400 1 150 6064426<\/p>\n","protected":false},"featured_media":4343,"comment_status":"closed","ping_status":"closed","template":"","meta":[],"product_cat":[278,288],"product_tag":[],"class_list":{"0":"post-4513","1":"product","2":"type-product","3":"status-publish","4":"has-post-thumbnail","6":"product_cat-kablo-kanal-sistemleri","7":"product_cat-kanal601","9":"first","10":"instock","11":"shipping-taxable","12":"product-type-grouped","13":"add-to-wishlist-after_add_to_cart"},"_links":{"self":[{"href":"https:\/\/kts.ist\/index.php?rest_route=\/wp\/v2\/product\/4513","targetHints":{"allow":["GET"]}}],"collection":[{"href":"https:\/\/kts.ist\/index.php?rest_route=\/wp\/v2\/product"}],"about":[{"href":"https:\/\/kts.ist\/index.php?rest_route=\/wp\/v2\/types\/product"}],"replies":[{"embeddable":true,"href":"https:\/\/kts.ist\/index.php?rest_route=%2Fwp%2Fv2%2Fcomments&post=4513"}],"wp:featuredmedia":[{"embeddable":true,"href":"https:\/\/kts.ist\/index.php?rest_route=\/wp\/v2\/media\/4343"}],"wp:attachment":[{"href":"https:\/\/kts.ist\/index.php?rest_route=%2Fwp%2Fv2%2Fmedia&parent=4513"}],"wp:term":[{"taxonomy":"product_cat","embeddable":true,"href":"https:\/\/kts.ist\/index.php?rest_route=%2Fwp%2Fv2%2Fproduct_cat&post=4513"},{"taxonomy":"product_tag","embeddable":true,"href":"https:\/\/kts.ist\/index.php?rest_route=%2Fwp%2Fv2%2Fproduct_tag&post=4513"}],"curies":[{"name":"wp","href":"https:\/\/api.w.org\/{rel}","templated":true}]}}