{"id":4512,"date":"2017-07-06T11:07:46","date_gmt":"2017-07-06T08:07:46","guid":{"rendered":"http:\/\/kts.local\/urun\/6056148\/"},"modified":"2025-08-11T18:43:56","modified_gmt":"2025-08-11T15:43:56","slug":"6056148","status":"publish","type":"product","link":"https:\/\/kts.ist\/?product=6056148","title":{"rendered":"6056148"},"content":{"rendered":"","protected":false},"excerpt":{"rendered":"<p>Kablo Kanal\u0131 EKS<\/p>\n<p>\u00dcr\u00fcn Tan\u0131m\u0131 Geni\u015flik (mm) Kal\u0131nl\u0131k (mm) Y\u00fck Ta\u015f\u0131ma Kapasitesi (kg) \u00dcr\u00fcn Kodu<br \/>\nEKS 610 FS 100 2 330 6056148<br \/>\nEKS 620 FS 200 2 330 6056229<br \/>\nEKS 630 FS 300 2 260 6056326<br \/>\nEKS 640 FS 400 2 260 6056423<br \/>\nEKS 650 FS 500 2 210 6056520<br \/>\nEKS 660 FS 600 2 210 6056628<br \/>\nEKS 610 FT 100 2 330 6056776<br \/>\nEKS 620 FT 200 2 330 6056792<br \/>\nEKS 630 FT 300 2 260 6056806<br \/>\nEKS 640 FT 400 2 260 6056970<br \/>\nEKS 650 FT 500 2 210 6056989<br \/>\nEKS 660 FT 600 2 210 6056997<\/p>\n","protected":false},"featured_media":4344,"comment_status":"closed","ping_status":"closed","template":"","meta":[],"product_cat":[278,288],"product_tag":[],"class_list":{"0":"post-4512","1":"product","2":"type-product","3":"status-publish","4":"has-post-thumbnail","6":"product_cat-kablo-kanal-sistemleri","7":"product_cat-kanal601","9":"first","10":"instock","11":"shipping-taxable","12":"product-type-grouped","13":"add-to-wishlist-after_add_to_cart"},"_links":{"self":[{"href":"https:\/\/kts.ist\/index.php?rest_route=\/wp\/v2\/product\/4512","targetHints":{"allow":["GET"]}}],"collection":[{"href":"https:\/\/kts.ist\/index.php?rest_route=\/wp\/v2\/product"}],"about":[{"href":"https:\/\/kts.ist\/index.php?rest_route=\/wp\/v2\/types\/product"}],"replies":[{"embeddable":true,"href":"https:\/\/kts.ist\/index.php?rest_route=%2Fwp%2Fv2%2Fcomments&post=4512"}],"wp:featuredmedia":[{"embeddable":true,"href":"https:\/\/kts.ist\/index.php?rest_route=\/wp\/v2\/media\/4344"}],"wp:attachment":[{"href":"https:\/\/kts.ist\/index.php?rest_route=%2Fwp%2Fv2%2Fmedia&parent=4512"}],"wp:term":[{"taxonomy":"product_cat","embeddable":true,"href":"https:\/\/kts.ist\/index.php?rest_route=%2Fwp%2Fv2%2Fproduct_cat&post=4512"},{"taxonomy":"product_tag","embeddable":true,"href":"https:\/\/kts.ist\/index.php?rest_route=%2Fwp%2Fv2%2Fproduct_tag&post=4512"}],"curies":[{"name":"wp","href":"https:\/\/api.w.org\/{rel}","templated":true}]}}