{"id":4511,"date":"2017-07-06T11:07:04","date_gmt":"2017-07-06T08:07:04","guid":{"rendered":"http:\/\/kts.local\/urun\/6056105\/"},"modified":"2025-08-11T18:43:56","modified_gmt":"2025-08-11T15:43:56","slug":"6056105","status":"publish","type":"product","link":"https:\/\/kts.ist\/?product=6056105","title":{"rendered":"6056105"},"content":{"rendered":"","protected":false},"excerpt":{"rendered":"<p>Kablo Kanal\u0131 SKS<\/p>\n<p>\u00dcr\u00fcn Tan\u0131m\u0131 Geni\u015flik (mm) Kal\u0131nl\u0131k (mm) Y\u00fck Ta\u015f\u0131ma Kapasitesi (kg) \u00dcr\u00fcn Kodu<br \/>\nSKS 610 FS 100 1,5 265 6056105<br \/>\nSKS 615 FS 150 1,5 265 6056156<br \/>\nSKS 620 FS 200 1,5 265 6056202<br \/>\nSKS 630 FS 300 1,5 265 6056296<br \/>\nSKS 640 FS 400 1,5 265 6056407<br \/>\nSKS 650 FS 500 1,5 265 6056504<br \/>\nSKS 660 FS 600 1,5 265 6056601<br \/>\nSKS 605 FT 50 1,5 265 6056632<br \/>\nSKS 610 FT 100 1,5 265 6056636<br \/>\nSKS 615 FT 150 1,5 265 6056644<br \/>\nSKS 620 FT 200 1,5 265 6056652<br \/>\nSKS 630 FT 300 1,5 265 6056679<br \/>\nSKS 640 FT 400 1,5 265 6056695<br \/>\nSKS 650 FT 500 1,5 265 6056717<br \/>\nSKS 660 FT 600 1,5 265 6056733<\/p>\n","protected":false},"featured_media":4345,"comment_status":"closed","ping_status":"closed","template":"","meta":[],"product_cat":[278,288],"product_tag":[],"class_list":{"0":"post-4511","1":"product","2":"type-product","3":"status-publish","4":"has-post-thumbnail","6":"product_cat-kablo-kanal-sistemleri","7":"product_cat-kanal601","9":"first","10":"instock","11":"shipping-taxable","12":"product-type-grouped","13":"add-to-wishlist-after_add_to_cart"},"_links":{"self":[{"href":"https:\/\/kts.ist\/index.php?rest_route=\/wp\/v2\/product\/4511","targetHints":{"allow":["GET"]}}],"collection":[{"href":"https:\/\/kts.ist\/index.php?rest_route=\/wp\/v2\/product"}],"about":[{"href":"https:\/\/kts.ist\/index.php?rest_route=\/wp\/v2\/types\/product"}],"replies":[{"embeddable":true,"href":"https:\/\/kts.ist\/index.php?rest_route=%2Fwp%2Fv2%2Fcomments&post=4511"}],"wp:featuredmedia":[{"embeddable":true,"href":"https:\/\/kts.ist\/index.php?rest_route=\/wp\/v2\/media\/4345"}],"wp:attachment":[{"href":"https:\/\/kts.ist\/index.php?rest_route=%2Fwp%2Fv2%2Fmedia&parent=4511"}],"wp:term":[{"taxonomy":"product_cat","embeddable":true,"href":"https:\/\/kts.ist\/index.php?rest_route=%2Fwp%2Fv2%2Fproduct_cat&post=4511"},{"taxonomy":"product_tag","embeddable":true,"href":"https:\/\/kts.ist\/index.php?rest_route=%2Fwp%2Fv2%2Fproduct_tag&post=4511"}],"curies":[{"name":"wp","href":"https:\/\/api.w.org\/{rel}","templated":true}]}}