{"id":4508,"date":"2017-07-06T11:04:30","date_gmt":"2017-07-06T08:04:30","guid":{"rendered":"http:\/\/kts.local\/urun\/6062050-2\/"},"modified":"2025-08-11T18:43:56","modified_gmt":"2025-08-11T15:43:56","slug":"6062050-2","status":"publish","type":"product","link":"https:\/\/kts.ist\/?product=6062050-2","title":{"rendered":"6062050"},"content":{"rendered":"","protected":false},"excerpt":{"rendered":"<p>Seperat\u00f6r; 30mm<\/p>\n<p>\u00dcr\u00fcn Tan\u0131m\u0131 Uzunluk (mm) \u00dcr\u00fcn Kodu<br \/>\nTSG 30 FS 3000 6062050<br \/>\nTSG 30 DD 3000 6062314<\/p>\n","protected":false},"featured_media":4347,"comment_status":"closed","ping_status":"closed","template":"","meta":[],"product_cat":[278,287],"product_tag":[],"class_list":{"0":"post-4508","1":"product","2":"type-product","3":"status-publish","4":"has-post-thumbnail","6":"product_cat-kablo-kanal-sistemleri","7":"product_cat-kanal355","9":"first","10":"instock","11":"shipping-taxable","12":"product-type-grouped","13":"add-to-wishlist-after_add_to_cart"},"_links":{"self":[{"href":"https:\/\/kts.ist\/index.php?rest_route=\/wp\/v2\/product\/4508","targetHints":{"allow":["GET"]}}],"collection":[{"href":"https:\/\/kts.ist\/index.php?rest_route=\/wp\/v2\/product"}],"about":[{"href":"https:\/\/kts.ist\/index.php?rest_route=\/wp\/v2\/types\/product"}],"replies":[{"embeddable":true,"href":"https:\/\/kts.ist\/index.php?rest_route=%2Fwp%2Fv2%2Fcomments&post=4508"}],"wp:featuredmedia":[{"embeddable":true,"href":"https:\/\/kts.ist\/index.php?rest_route=\/wp\/v2\/media\/4347"}],"wp:attachment":[{"href":"https:\/\/kts.ist\/index.php?rest_route=%2Fwp%2Fv2%2Fmedia&parent=4508"}],"wp:term":[{"taxonomy":"product_cat","embeddable":true,"href":"https:\/\/kts.ist\/index.php?rest_route=%2Fwp%2Fv2%2Fproduct_cat&post=4508"},{"taxonomy":"product_tag","embeddable":true,"href":"https:\/\/kts.ist\/index.php?rest_route=%2Fwp%2Fv2%2Fproduct_tag&post=4508"}],"curies":[{"name":"wp","href":"https:\/\/api.w.org\/{rel}","templated":true}]}}