{"id":4501,"date":"2017-07-06T10:59:34","date_gmt":"2017-07-06T07:59:34","guid":{"rendered":"http:\/\/kts.local\/urun\/6043704\/"},"modified":"2025-08-11T18:43:57","modified_gmt":"2025-08-11T15:43:57","slug":"6043704","status":"publish","type":"product","link":"https:\/\/kts.ist\/?product=6043704","title":{"rendered":"6043704"},"content":{"rendered":"","protected":false},"excerpt":{"rendered":"<p>45\u02da D\u00f6n\u00fc\u015f<\/p>\n<p>\u00dcr\u00fcn Tan\u0131m\u0131 Geni\u015flik (mm) \u00dcr\u00fcn Kodu<br \/>\nRB 45 310 FS 100 6043704<br \/>\nRB 45 320 FS 200 6043712<br \/>\nRB 45 330 FS 300 6043720<br \/>\nRB 45 305 FT 50 7065078<br \/>\nRB 45 310 FT 100 7065116<br \/>\nRB 45 315 FT 150 7065167<br \/>\nRB 45 320 FT 200 7065213<br \/>\nRB 45 330 FT 300 7065310<\/p>\n","protected":false},"featured_media":4353,"comment_status":"closed","ping_status":"closed","template":"","meta":[],"product_cat":[278,285],"product_tag":[],"class_list":{"0":"post-4501","1":"product","2":"type-product","3":"status-publish","4":"has-post-thumbnail","6":"product_cat-kablo-kanal-sistemleri","7":"product_cat-kanal353","9":"first","10":"instock","11":"shipping-taxable","12":"product-type-grouped","13":"add-to-wishlist-after_add_to_cart"},"_links":{"self":[{"href":"https:\/\/kts.ist\/index.php?rest_route=\/wp\/v2\/product\/4501","targetHints":{"allow":["GET"]}}],"collection":[{"href":"https:\/\/kts.ist\/index.php?rest_route=\/wp\/v2\/product"}],"about":[{"href":"https:\/\/kts.ist\/index.php?rest_route=\/wp\/v2\/types\/product"}],"replies":[{"embeddable":true,"href":"https:\/\/kts.ist\/index.php?rest_route=%2Fwp%2Fv2%2Fcomments&post=4501"}],"wp:featuredmedia":[{"embeddable":true,"href":"https:\/\/kts.ist\/index.php?rest_route=\/wp\/v2\/media\/4353"}],"wp:attachment":[{"href":"https:\/\/kts.ist\/index.php?rest_route=%2Fwp%2Fv2%2Fmedia&parent=4501"}],"wp:term":[{"taxonomy":"product_cat","embeddable":true,"href":"https:\/\/kts.ist\/index.php?rest_route=%2Fwp%2Fv2%2Fproduct_cat&post=4501"},{"taxonomy":"product_tag","embeddable":true,"href":"https:\/\/kts.ist\/index.php?rest_route=%2Fwp%2Fv2%2Fproduct_tag&post=4501"}],"curies":[{"name":"wp","href":"https:\/\/api.w.org\/{rel}","templated":true}]}}