{"id":4485,"date":"2017-07-05T12:57:16","date_gmt":"2017-07-05T09:57:16","guid":{"rendered":"http:\/\/kts.local\/urun\/6053513\/"},"modified":"2025-08-11T18:43:57","modified_gmt":"2025-08-11T15:43:57","slug":"6053513","status":"publish","type":"product","link":"https:\/\/kts.ist\/?product=6053513","title":{"rendered":"6053513"},"content":{"rendered":"","protected":false},"excerpt":{"rendered":"<p>Kablo Kanal\u0131 MKS<\/p>\n<p>\u00dcr\u00fcn Tan\u0131m\u0131 Geni\u015flik (mm) Kal\u0131nl\u0131k (mm) Y\u00fck Ta\u015f\u0131ma Kapasitesi (kg) \u00dcr\u00fcn Kodu<br \/>\nMKS 305 FS 50 1 125 6053513<br \/>\nMKS 310 FS 100 1 125 6053548<br \/>\nMKS 315 FS 150 1 125 6053572<br \/>\nMKS 320 FS 200 1 125 6053599<br \/>\nMKS 330 FS 300 1 125 6053637<br \/>\nMKS 305 FT 50 1 125 6053513<br \/>\nMKS 310 FT 100 1 125 6053548<br \/>\nMKS 315 FT 150 1 125 6053572<br \/>\nMKS 320 FT 200 1 125 6053599<br \/>\nMKS 330 FT 300 1 125 605363<\/p>\n","protected":false},"featured_media":4357,"comment_status":"closed","ping_status":"closed","template":"","meta":[],"product_cat":[278,283],"product_tag":[],"class_list":{"0":"post-4485","1":"product","2":"type-product","3":"status-publish","4":"has-post-thumbnail","6":"product_cat-kablo-kanal-sistemleri","7":"product_cat-kanal351","9":"first","10":"instock","11":"shipping-taxable","12":"product-type-grouped","13":"add-to-wishlist-after_add_to_cart"},"_links":{"self":[{"href":"https:\/\/kts.ist\/index.php?rest_route=\/wp\/v2\/product\/4485","targetHints":{"allow":["GET"]}}],"collection":[{"href":"https:\/\/kts.ist\/index.php?rest_route=\/wp\/v2\/product"}],"about":[{"href":"https:\/\/kts.ist\/index.php?rest_route=\/wp\/v2\/types\/product"}],"replies":[{"embeddable":true,"href":"https:\/\/kts.ist\/index.php?rest_route=%2Fwp%2Fv2%2Fcomments&post=4485"}],"wp:featuredmedia":[{"embeddable":true,"href":"https:\/\/kts.ist\/index.php?rest_route=\/wp\/v2\/media\/4357"}],"wp:attachment":[{"href":"https:\/\/kts.ist\/index.php?rest_route=%2Fwp%2Fv2%2Fmedia&parent=4485"}],"wp:term":[{"taxonomy":"product_cat","embeddable":true,"href":"https:\/\/kts.ist\/index.php?rest_route=%2Fwp%2Fv2%2Fproduct_cat&post=4485"},{"taxonomy":"product_tag","embeddable":true,"href":"https:\/\/kts.ist\/index.php?rest_route=%2Fwp%2Fv2%2Fproduct_tag&post=4485"}],"curies":[{"name":"wp","href":"https:\/\/api.w.org\/{rel}","templated":true}]}}