{"id":4475,"date":"2017-07-05T11:25:39","date_gmt":"2017-07-05T08:25:39","guid":{"rendered":"http:\/\/kts.local\/urun\/7084870\/"},"modified":"2025-08-11T18:43:57","modified_gmt":"2025-08-11T15:43:57","slug":"7084870","status":"publish","type":"product","link":"https:\/\/kts.ist\/?product=7084870","title":{"rendered":"7084870"},"content":{"rendered":"","protected":false},"excerpt":{"rendered":"<p>Kanala Buat Montaj Par\u00e7as\u0131<\/p>\n<p>\u00dcr\u00fcn Tan\u0131m\u0131 \u00dcr\u00fcn Kodu<br \/>\nMP 225 UNI FS 7084870<br \/>\nMP FL FS 7084757<br \/>\nMP FL DD 7085108<br \/>\nMP WI KL FS 7084765<br \/>\nMP WI KL DD 7085111<br \/>\nMP WI GR FS 7084781<br \/>\nMP WI GR DD 7085112<\/p>\n","protected":false},"featured_media":4359,"comment_status":"closed","ping_status":"closed","template":"","meta":[],"product_cat":[296],"product_tag":[],"class_list":{"0":"post-4475","1":"product","2":"type-product","3":"status-publish","4":"has-post-thumbnail","6":"product_cat-magic-kablo-kanallari","8":"first","9":"instock","10":"shipping-taxable","11":"product-type-grouped","12":"add-to-wishlist-after_add_to_cart"},"_links":{"self":[{"href":"https:\/\/kts.ist\/index.php?rest_route=\/wp\/v2\/product\/4475","targetHints":{"allow":["GET"]}}],"collection":[{"href":"https:\/\/kts.ist\/index.php?rest_route=\/wp\/v2\/product"}],"about":[{"href":"https:\/\/kts.ist\/index.php?rest_route=\/wp\/v2\/types\/product"}],"replies":[{"embeddable":true,"href":"https:\/\/kts.ist\/index.php?rest_route=%2Fwp%2Fv2%2Fcomments&post=4475"}],"wp:featuredmedia":[{"embeddable":true,"href":"https:\/\/kts.ist\/index.php?rest_route=\/wp\/v2\/media\/4359"}],"wp:attachment":[{"href":"https:\/\/kts.ist\/index.php?rest_route=%2Fwp%2Fv2%2Fmedia&parent=4475"}],"wp:term":[{"taxonomy":"product_cat","embeddable":true,"href":"https:\/\/kts.ist\/index.php?rest_route=%2Fwp%2Fv2%2Fproduct_cat&post=4475"},{"taxonomy":"product_tag","embeddable":true,"href":"https:\/\/kts.ist\/index.php?rest_route=%2Fwp%2Fv2%2Fproduct_tag&post=4475"}],"curies":[{"name":"wp","href":"https:\/\/api.w.org\/{rel}","templated":true}]}}