{"id":4463,"date":"2017-07-05T11:08:22","date_gmt":"2017-07-05T08:08:22","guid":{"rendered":"http:\/\/kts.local\/urun\/6067972\/"},"modified":"2025-08-11T18:43:58","modified_gmt":"2025-08-11T15:43:58","slug":"6067972","status":"publish","type":"product","link":"https:\/\/kts.ist\/?product=6067972","title":{"rendered":"6067972"},"content":{"rendered":"","protected":false},"excerpt":{"rendered":"<p>K\u00f6\u015fe Olu\u015fturma Par\u00e7as\u0131<\/p>\n<p>\u00dcr\u00fcn Tan\u0131m\u0131 \u00dcr\u00fcn Kodu<br \/>\nREV 60 FS 6067972<br \/>\nREV 60 DD 6069410<\/p>\n","protected":false},"featured_media":4329,"comment_status":"closed","ping_status":"closed","template":"","meta":[],"product_cat":[296,306],"product_tag":[],"class_list":{"0":"post-4463","1":"product","2":"type-product","3":"status-publish","4":"has-post-thumbnail","6":"product_cat-magic-kablo-kanallari","7":"product_cat-magic654","9":"first","10":"instock","11":"shipping-taxable","12":"product-type-grouped","13":"add-to-wishlist-after_add_to_cart"},"_links":{"self":[{"href":"https:\/\/kts.ist\/index.php?rest_route=\/wp\/v2\/product\/4463","targetHints":{"allow":["GET"]}}],"collection":[{"href":"https:\/\/kts.ist\/index.php?rest_route=\/wp\/v2\/product"}],"about":[{"href":"https:\/\/kts.ist\/index.php?rest_route=\/wp\/v2\/types\/product"}],"replies":[{"embeddable":true,"href":"https:\/\/kts.ist\/index.php?rest_route=%2Fwp%2Fv2%2Fcomments&post=4463"}],"wp:featuredmedia":[{"embeddable":true,"href":"https:\/\/kts.ist\/index.php?rest_route=\/wp\/v2\/media\/4329"}],"wp:attachment":[{"href":"https:\/\/kts.ist\/index.php?rest_route=%2Fwp%2Fv2%2Fmedia&parent=4463"}],"wp:term":[{"taxonomy":"product_cat","embeddable":true,"href":"https:\/\/kts.ist\/index.php?rest_route=%2Fwp%2Fv2%2Fproduct_cat&post=4463"},{"taxonomy":"product_tag","embeddable":true,"href":"https:\/\/kts.ist\/index.php?rest_route=%2Fwp%2Fv2%2Fproduct_tag&post=4463"}],"curies":[{"name":"wp","href":"https:\/\/api.w.org\/{rel}","templated":true}]}}