{"id":8101,"date":"2024-05-20T16:11:24","date_gmt":"2024-05-20T16:11:24","guid":{"rendered":"http:\/\/kts.local\/?page_id=8101"},"modified":"2025-08-12T10:18:11","modified_gmt":"2025-08-12T07:18:11","slug":"filmlerimiz","status":"publish","type":"page","link":"https:\/\/kts.ist\/?page_id=8101","title":{"rendered":"Filmlerimiz"},"content":{"rendered":"<div class=\"wpb-content-wrapper\"><p>[vc_row css=&#8221;.vc_custom_1715699538373{margin-bottom: 30px !important;}&#8221; conditional_render=&#8221;%5B%7B%22value_role%22%3A%22administrator%22%7D%5D&#8221;][vc_column][vc_custom_heading text=&#8221;Filmler&#8221; font_container=&#8221;tag:h2|font_size:20px|text_align:left|color:%23ffffff|line_height:1.3em&#8221; use_theme_fonts=&#8221;yes&#8221; font_weight=&#8221;600&#8243; letter_spacing=&#8221;-0.16px&#8221; show_border=&#8221;yes&#8221; border_size=&#8221;xs&#8221; border_color=&#8221;#e7e7e7&#8243; css=&#8221;.vc_custom_1716221316351{padding-top: 11px !important;padding-left: 30px !important;background-color: #ff9e19 !important;}&#8221;][vc_row_inner][vc_column_inner width=&#8221;1\/3&#8243;][vc_column_text el_class=&#8221;mb-0&#8243;]<\/p>\n<div style=\"width: 640px;\" class=\"wp-video\"><video class=\"wp-video-shortcode\" id=\"video-8101-1\" width=\"640\" height=\"360\" poster=\"https:\/\/kts.ist\/wp-content\/uploads\/2024\/08\/video1.jpg\" preload=\"metadata\" controls=\"controls\"><source type=\"video\/mp4\" src=\"http:\/\/kts.ist\/filmler\/video1.mp4?_=1\" \/><a href=\"http:\/\/kts.ist\/filmler\/video1.mp4\">http:\/\/kts.ist\/filmler\/video1.mp4<\/a><\/video><\/div>\n<p>[\/vc_column_text][vc_custom_heading text=&#8221;Kablo Ta\u015f\u0131ma Sistemi&#8221; font_container=&#8221;tag:h2|font_size:12|text_align:center&#8221; use_theme_fonts=&#8221;yes&#8221;][\/vc_column_inner][vc_column_inner width=&#8221;1\/3&#8243;][vc_column_text el_class=&#8221;mb-0&#8243;]<\/p>\n<div style=\"width: 640px;\" class=\"wp-video\"><video class=\"wp-video-shortcode\" id=\"video-8101-2\" width=\"640\" height=\"360\" poster=\"https:\/\/kts.ist\/wp-content\/uploads\/2024\/08\/video2.jpg\" preload=\"metadata\" controls=\"controls\"><source type=\"video\/mp4\" src=\"http:\/\/kts.ist\/filmler\/video2.mp4?_=2\" \/><a href=\"http:\/\/kts.ist\/filmler\/video2.mp4\">http:\/\/kts.ist\/filmler\/video2.mp4<\/a><\/video><\/div>\n<p>[\/vc_column_text][vc_custom_heading text=&#8221;Magic Ba\u011flant\u0131 Kablo Kanallar\u0131&#8221; font_container=&#8221;tag:h2|font_size:12|text_align:center&#8221; use_theme_fonts=&#8221;yes&#8221;][\/vc_column_inner][vc_column_inner width=&#8221;1\/3&#8243;][vc_column_text el_class=&#8221;mb-0&#8243;]<\/p>\n<div style=\"width: 640px;\" class=\"wp-video\"><video class=\"wp-video-shortcode\" id=\"video-8101-3\" width=\"640\" height=\"360\" poster=\"https:\/\/kts.ist\/wp-content\/uploads\/2024\/08\/video3.jpg\" preload=\"metadata\" controls=\"controls\"><source type=\"video\/mp4\" src=\"http:\/\/kts.ist\/filmler\/video3.mp4?_=3\" \/><a href=\"http:\/\/kts.ist\/filmler\/video3.mp4\">http:\/\/kts.ist\/filmler\/video3.mp4<\/a><\/video><\/div>\n<p>[\/vc_column_text][vc_custom_heading text=&#8221;Magic Sistem&#8221; font_container=&#8221;tag:h2|font_size:12|text_align:center&#8221; use_theme_fonts=&#8221;yes&#8221;][\/vc_column_inner][\/vc_row_inner][vc_row_inner][vc_column_inner width=&#8221;1\/3&#8243;][vc_column_text el_class=&#8221;mb-0&#8243;]<\/p>\n<div style=\"width: 640px;\" class=\"wp-video\"><video class=\"wp-video-shortcode\" id=\"video-8101-4\" width=\"640\" height=\"360\" poster=\"https:\/\/kts.ist\/wp-content\/uploads\/2024\/08\/video4.jpg\" preload=\"metadata\" controls=\"controls\"><source type=\"video\/mp4\" src=\"http:\/\/kts.ist\/filmler\/video4.mp4?_=4\" \/><a href=\"http:\/\/kts.ist\/filmler\/video4.mp4\">http:\/\/kts.ist\/filmler\/video4.mp4<\/a><\/video><\/div>\n<p>[\/vc_column_text][vc_custom_heading text=&#8221;Magic Sistem Montaj\u0131&#8221; font_container=&#8221;tag:h2|font_size:12|text_align:center&#8221; use_theme_fonts=&#8221;yes&#8221;][\/vc_column_inner][vc_column_inner width=&#8221;1\/3&#8243;][vc_column_text el_class=&#8221;mb-0&#8243;]<\/p>\n<div style=\"width: 640px;\" class=\"wp-video\"><video class=\"wp-video-shortcode\" id=\"video-8101-5\" width=\"640\" height=\"360\" poster=\"https:\/\/kts.ist\/wp-content\/uploads\/2024\/08\/video5.jpg\" preload=\"metadata\" controls=\"controls\"><source type=\"video\/mp4\" src=\"http:\/\/kts.ist\/filmler\/video5.mp4?_=5\" \/><a href=\"http:\/\/kts.ist\/filmler\/video5.mp4\">http:\/\/kts.ist\/filmler\/video5.mp4<\/a><\/video><\/div>\n<p>[\/vc_column_text][vc_custom_heading text=&#8221;Magic Sistem Kurulumu&#8221; font_container=&#8221;tag:h2|font_size:12|text_align:center&#8221; use_theme_fonts=&#8221;yes&#8221;][\/vc_column_inner][vc_column_inner width=&#8221;1\/3&#8243;][vc_column_text el_class=&#8221;mb-0&#8243;]<\/p>\n<div style=\"width: 640px;\" class=\"wp-video\"><video class=\"wp-video-shortcode\" id=\"video-8101-6\" width=\"640\" height=\"360\" poster=\"https:\/\/kts.ist\/wp-content\/uploads\/2024\/08\/video6.jpg\" preload=\"metadata\" controls=\"controls\"><source type=\"video\/mp4\" src=\"http:\/\/kts.ist\/filmler\/video6.mp4?_=6\" \/><a href=\"http:\/\/kts.ist\/filmler\/video6.mp4\">http:\/\/kts.ist\/filmler\/video6.mp4<\/a><\/video><\/div>\n<p>[\/vc_column_text][vc_custom_heading text=&#8221;Montajda D\u00fcnya Rekoru&#8221; font_container=&#8221;tag:h2|font_size:12|text_align:center&#8221; use_theme_fonts=&#8221;yes&#8221;][\/vc_column_inner][\/vc_row_inner][vc_row_inner][vc_column_inner width=&#8221;1\/3&#8243;][vc_column_text el_class=&#8221;mb-0&#8243;]<\/p>\n<div style=\"width: 640px;\" class=\"wp-video\"><video class=\"wp-video-shortcode\" id=\"video-8101-7\" width=\"640\" height=\"360\" poster=\"https:\/\/kts.ist\/wp-content\/uploads\/2024\/08\/video7.jpg\" preload=\"metadata\" controls=\"controls\"><source type=\"video\/mp4\" src=\"http:\/\/kts.ist\/filmler\/video7.mp4?_=7\" \/><a href=\"http:\/\/kts.ist\/filmler\/video7.mp4\">http:\/\/kts.ist\/filmler\/video7.mp4<\/a><\/video><\/div>\n<p>[\/vc_column_text][vc_custom_heading text=&#8221;Stadyum&#8221; font_container=&#8221;tag:h2|font_size:12|text_align:center&#8221; use_theme_fonts=&#8221;yes&#8221;][\/vc_column_inner][vc_column_inner width=&#8221;1\/3&#8243;][vc_column_text el_class=&#8221;mb-0&#8243;]<\/p>\n<div style=\"width: 640px;\" class=\"wp-video\"><video class=\"wp-video-shortcode\" id=\"video-8101-8\" width=\"640\" height=\"360\" poster=\"https:\/\/kts.ist\/wp-content\/uploads\/2024\/08\/video8.jpg\" preload=\"metadata\" controls=\"controls\"><source type=\"video\/mp4\" src=\"http:\/\/kts.ist\/filmler\/video8.mp4?_=8\" \/><a href=\"http:\/\/kts.ist\/filmler\/video8.mp4\">http:\/\/kts.ist\/filmler\/video8.mp4<\/a><\/video><\/div>\n<p>[\/vc_column_text][vc_custom_heading text=&#8221;Tel Kanal&#8221; font_container=&#8221;tag:h2|font_size:12|text_align:center&#8221; use_theme_fonts=&#8221;yes&#8221;][\/vc_column_inner][vc_column_inner width=&#8221;1\/3&#8243;][vc_column_text el_class=&#8221;mb-0&#8243;]<\/p>\n<div style=\"width: 640px;\" class=\"wp-video\"><video class=\"wp-video-shortcode\" id=\"video-8101-9\" width=\"640\" height=\"360\" poster=\"https:\/\/kts.ist\/wp-content\/uploads\/2024\/08\/video9.jpg\" preload=\"metadata\" controls=\"controls\"><source type=\"video\/mp4\" src=\"http:\/\/kts.ist\/filmler\/video9.mp4?_=9\" \/><a href=\"http:\/\/kts.ist\/filmler\/video9.mp4\">http:\/\/kts.ist\/filmler\/video9.mp4<\/a><\/video><\/div>\n<p>[\/vc_column_text][vc_custom_heading text=&#8221;Kolay Montaj&#8221; font_container=&#8221;tag:h2|font_size:12|text_align:center&#8221; use_theme_fonts=&#8221;yes&#8221;][\/vc_column_inner][\/vc_row_inner][\/vc_column][\/vc_row]<\/p>\n<\/div>","protected":false},"excerpt":{"rendered":"<p>[vc_row css=&#8221;.vc_custom_1715699538373{margin-bottom: 30px !important;}&#8221; conditional_render=&#8221;%5B%7B%22value_role%22%3A%22administrator%22%7D%5D&#8221;][vc_column][vc_custom_heading text=&#8221;Filmler&#8221; font_container=&#8221;tag:h2|font_size:20px|text_align:left|color:%23ffffff|line_height:1.3em&#8221; use_theme_fonts=&#8221;yes&#8221; font_weight=&#8221;600&#8243; letter_spacing=&#8221;-0.16px&#8221; show_border=&#8221;yes&#8221; border_size=&#8221;xs&#8221; border_color=&#8221;#e7e7e7&#8243; css=&#8221;.vc_custom_1716221316351{padding-top: 11px !important;padding-left: 30px !important;background-color: #ff9e19 !important;}&#8221;][vc_row_inner][vc_column_inner width=&#8221;1\/3&#8243;][vc_column_text el_class=&#8221;mb-0&#8243;] [\/vc_column_text][vc_custom_heading text=&#8221;Kablo Ta\u015f\u0131ma Sistemi&#8221; font_container=&#8221;tag:h2|font_size:12|text_align:center&#8221; use_theme_fonts=&#8221;yes&#8221;][\/vc_column_inner][vc_column_inner width=&#8221;1\/3&#8243;][vc_column_text el_class=&#8221;mb-0&#8243;] [\/vc_column_text][vc_custom_heading text=&#8221;Magic Ba\u011flant\u0131 Kablo Kanallar\u0131&#8221; font_container=&#8221;tag:h2|font_size:12|text_align:center&#8221; use_theme_fonts=&#8221;yes&#8221;][\/vc_column_inner][vc_column_inner width=&#8221;1\/3&#8243;][vc_column_text el_class=&#8221;mb-0&#8243;] [\/vc_column_text][vc_custom_heading text=&#8221;Magic Sistem&#8221; font_container=&#8221;tag:h2|font_size:12|text_align:center&#8221; use_theme_fonts=&#8221;yes&#8221;][\/vc_column_inner][\/vc_row_inner][vc_row_inner][vc_column_inner width=&#8221;1\/3&#8243;][vc_column_text el_class=&#8221;mb-0&#8243;] [\/vc_column_text][vc_custom_heading text=&#8221;Magic Sistem Montaj\u0131&#8221; font_container=&#8221;tag:h2|font_size:12|text_align:center&#8221; use_theme_fonts=&#8221;yes&#8221;][\/vc_column_inner][vc_column_inner width=&#8221;1\/3&#8243;][vc_column_text el_class=&#8221;mb-0&#8243;] [\/vc_column_text][vc_custom_heading [&hellip;]<\/p>\n","protected":false},"author":1,"featured_media":0,"parent":0,"menu_order":0,"comment_status":"closed","ping_status":"closed","template":"","meta":{"footnotes":""},"class_list":["post-8101","page","type-page","status-publish","hentry"],"_links":{"self":[{"href":"https:\/\/kts.ist\/index.php?rest_route=\/wp\/v2\/pages\/8101","targetHints":{"allow":["GET"]}}],"collection":[{"href":"https:\/\/kts.ist\/index.php?rest_route=\/wp\/v2\/pages"}],"about":[{"href":"https:\/\/kts.ist\/index.php?rest_route=\/wp\/v2\/types\/page"}],"author":[{"embeddable":true,"href":"https:\/\/kts.ist\/index.php?rest_route=\/wp\/v2\/users\/1"}],"replies":[{"embeddable":true,"href":"https:\/\/kts.ist\/index.php?rest_route=%2Fwp%2Fv2%2Fcomments&post=8101"}],"version-history":[{"count":1,"href":"https:\/\/kts.ist\/index.php?rest_route=\/wp\/v2\/pages\/8101\/revisions"}],"predecessor-version":[{"id":8596,"href":"https:\/\/kts.ist\/index.php?rest_route=\/wp\/v2\/pages\/8101\/revisions\/8596"}],"wp:attachment":[{"href":"https:\/\/kts.ist\/index.php?rest_route=%2Fwp%2Fv2%2Fmedia&parent=8101"}],"curies":[{"name":"wp","href":"https:\/\/api.w.org\/{rel}","templated":true}]}}